{"id":3491,"date":"2026-02-11T14:00:07","date_gmt":"2026-02-11T14:00:07","guid":{"rendered":"https:\/\/pmaria.es\/juegos-olimpicos\/?page_id=3491"},"modified":"2026-03-05T08:06:47","modified_gmt":"2026-03-05T08:06:47","slug":"horarios-futbol-7-infantil-jjoo-pureza-de-maria-2026","status":"publish","type":"page","link":"https:\/\/pmaria.es\/juegos-olimpicos\/horarios-futbol-7-infantil-jjoo-pureza-de-maria-2026\/","title":{"rendered":"Horarios F\u00fatbol 7 Infantil JJOO Pureza de Mar\u00eda 2026"},"content":{"rendered":"<p>[et_pb_section fb_built=\u00bb1&#8243; admin_label=\u00bbHero\u00bb _builder_version=\u00bb4.22.2&#8243; _module_preset=\u00bbdefault\u00bb background_enable_color=\u00bboff\u00bb background_image=\u00bbhttps:\/\/pmaria.es\/juegos-olimpicos\/wp-content\/uploads\/2026\/02\/slide-juegos-olimpicos-pureza-2026.jpg\u00bb background_position=\u00bbbottom_center\u00bb hover_enabled=\u00bb0&#8243; background_last_edited=\u00bbon|phone\u00bb background_enable_color_tablet=\u00bboff\u00bb background_image_tablet=\u00bbhttps:\/\/pmaria.es\/juegos-olimpicos\/wp-content\/uploads\/2026\/02\/slide-juegos-olimpicos-pureza-2026.jpg\u00bb background_image_phone=\u00bbhttps:\/\/pmaria.es\/juegos-olimpicos\/wp-content\/uploads\/2026\/02\/slide-juegos-olimpicos-pureza-2026.jpg\u00bb background_enable_image_tablet=\u00bbon\u00bb background_enable_image_phone=\u00bbon\u00bb background_blend_tablet=\u00bbnormal\u00bb global_colors_info=\u00bb{}\u00bb sticky_enabled=\u00bb0&#8243; background_position_phone=\u00bbbottom_right\u00bb background_horizontal_offset_phone=\u00bb1%\u00bb background_blend_phone=\u00bbnormal\u00bb][et_pb_row custom_padding_last_edited=\u00bbon|phone\u00bb _builder_version=\u00bb4.19.5&#8243; _module_preset=\u00bbdefault\u00bb custom_padding=\u00bb11em||11em||true|false\u00bb custom_padding_tablet=\u00bb6em||6em||true|false\u00bb custom_padding_phone=\u00bb6em||6em||true|false\u00bb global_colors_info=\u00bb{}\u00bb][et_pb_column type=\u00bb4_4&#8243; _builder_version=\u00bb4.19.5&#8243; _module_preset=\u00bbdefault\u00bb global_colors_info=\u00bb{}\u00bb][et_pb_text _builder_version=\u00bb4.22.2&#8243; _module_preset=\u00bb_initial\u00bb text_text_color=\u00bb#FFFFFF\u00bb header_text_color=\u00bb#FFFFFF\u00bb header_2_text_color=\u00bb#FFFFFF\u00bb text_orientation=\u00bbcenter\u00bb background_layout=\u00bbdark\u00bb hover_enabled=\u00bb0&#8243; global_colors_info=\u00bb{}\u00bb content_last_edited=\u00bbon|tablet\u00bb content_phone=\u00bb<\/p>\n<h2>V Juegos Ol\u00edmpicos Pureza de Mar\u00eda<\/h2>\n<h1>Horarios F\u00fatbol 7 Infantil<\/h1>\n<p>\u00bb sticky_enabled=\u00bb0&#8243; content_tablet=\u00bb<\/p>\n<h2>V Juegos Ol\u00edmpicos Pureza de Mar\u00eda<\/h2>\n<h1>Horarios F\u00fatbol 7 Infantil<\/h1>\n<p>\u00ab]<\/p>\n<h2>V Juegos Ol\u00edmpicos Pureza de Mar\u00eda<\/h2>\n<h1>Horarios F\u00fatbol 7 Infantil<\/h1>\n<p>[\/et_pb_text][et_pb_text content_tablet=\u00bb<\/p>\n<p><strong>Del 4 al 7 de marzo 2026. Mallorca<\/strong><\/p>\n<p>\u00bb content_phone=\u00bb<\/p>\n<p><strong>Del 4 al 7 de marzo 2026. Mallorca<\/strong><\/p>\n<p>\u00bb content_last_edited=\u00bbon|phone\u00bb _builder_version=\u00bb4.22.2&#8243; _module_preset=\u00bbaa493a56-ca64-436d-a2d8-5d45c31bca96&#8243; text_text_color=\u00bb#FFFFFF\u00bb text_orientation=\u00bbcenter\u00bb global_colors_info=\u00bb{}\u00bb]<\/p>\n<p><strong>Del 4 al 7 de marzo 2026. Mallorca<\/strong><\/p>\n<p>[\/et_pb_text][\/et_pb_column][\/et_pb_row][\/et_pb_section][et_pb_section fb_built=\u00bb1&#8243; admin_label=\u00bbinformaci\u00f3n detallada\u00bb _builder_version=\u00bb4.19.5&#8243; custom_padding=\u00bb100px||100px|\u00bb global_colors_info=\u00bb{}\u00bb][et_pb_row column_structure=\u00bb1_3,2_3&#8243; admin_label=\u00bbcolegios participantes\u00bb module_id=\u00bbcolegios-participantes\u00bb _builder_version=\u00bb4.19.5&#8243; custom_padding=\u00bb40px|0px|40px|0px\u00bb global_colors_info=\u00bb{}\u00bb][et_pb_column type=\u00bb1_3&#8243; _builder_version=\u00bb4.16&#8243; custom_padding=\u00bb|||\u00bb global_colors_info=\u00bb{}\u00bb custom_padding__hover=\u00bb|||\u00bb][et_pb_text content_tablet=\u00bb<\/p>\n<h3>Calendario de partidos f\u00fatbol 7 infantil<\/h3>\n<p>\u00bb content_phone=\u00bb<\/p>\n<h3>Calendario de partidos f\u00fatbol 7 infantil<\/h3>\n<p>\u00bb content_last_edited=\u00bbon|phone\u00bb admin_label=\u00bbTitle\u00bb _builder_version=\u00bb4.20.0&#8243; animation_direction=\u00bbleft\u00bb global_colors_info=\u00bb{}\u00bb]<\/p>\n<h3>Calendario de partidos f\u00fatbol 7 infantil<\/h3>\n<p>[\/et_pb_text][\/et_pb_column][et_pb_column type=\u00bb2_3&#8243; _builder_version=\u00bb4.16&#8243; custom_padding=\u00bb|||\u00bb global_colors_info=\u00bb{}\u00bb custom_padding__hover=\u00bb|||\u00bb][et_pb_text content_tablet=\u00bb<\/p>\n<p><strong>JUEVES, 5 MARZO<\/strong><br \/><strong>D\u00f3nde:<\/strong> campo 1 Son Moix<br \/><strong>Aviso:<\/strong> l<span>os horarios son aproximados. Los partidos comenzar\u00e1n en cuanto termine el anterior<\/span><\/p>\n<p>\u00bb content_phone=\u00bb<\/p>\n<p><strong>JUEVES, 5 MARZO<\/strong><br \/><strong>D\u00f3nde:<\/strong> campo 1 Son Moix<br \/><strong>Aviso:<\/strong> l<span>os horarios son aproximados. Los partidos comenzar\u00e1n en cuanto termine el anterior<\/span><\/p>\n<p>\u00bb content_last_edited=\u00bbon|phone\u00bb _builder_version=\u00bb4.22.2&#8243; _module_preset=\u00bbdefault\u00bb global_colors_info=\u00bb{}\u00bb]<\/p>\n<p><strong>JUEVES, 5 MARZO<\/strong><br \/><strong>D\u00f3nde:<\/strong> campo 1 Son Moix<br \/><strong>Aviso:<\/strong> l<span>os horarios son aproximados. Los partidos comenzar\u00e1n en cuanto termine el anterior<\/span><\/p>\n<p>[\/et_pb_text][et_pb_code _builder_version=\u00bb4.22.2&#8243; _module_preset=\u00bbdefault\u00bb global_colors_info=\u00bb{}\u00bb]\n<table id=\"tablepress-354\" class=\"tablepress tablepress-id-354\">\n<thead>\n<tr class=\"row-1 odd\">\n\t<th class=\"column-1\">HORA<\/th><th class=\"column-2\">PARTIDO<\/th>\n<\/tr>\n<\/thead>\n<tbody class=\"row-hover\">\n<tr class=\"row-2 even\">\n\t<td class=\"column-1\">8:30<\/td><td class=\"column-2\">Bilbao vs ONU 1<\/td>\n<\/tr>\n<tr class=\"row-3 odd\">\n\t<td class=\"column-1\">9:10<\/td><td class=\"column-2\">Inca vs ONU 2<\/td>\n<\/tr>\n<tr class=\"row-4 even\">\n\t<td class=\"column-1\">9:50<\/td><td class=\"column-2\">Sant Cugat vs Realejos<\/td>\n<\/tr>\n<tr class=\"row-5 odd\">\n\t<td class=\"column-1\">10:30<\/td><td class=\"column-2\">Granada vs Madre Alberta<\/td>\n<\/tr>\n<tr class=\"row-6 even\">\n\t<td class=\"column-1\">11:10<\/td><td class=\"column-2\">Madrid vs Santa Cruz<\/td>\n<\/tr>\n<tr class=\"row-7 odd\">\n\t<td class=\"column-1\">11:50<\/td><td class=\"column-2\">Bilbao vs Granada<\/td>\n<\/tr>\n<tr class=\"row-8 even\">\n\t<td class=\"column-1\">12:30<\/td><td class=\"column-2\">Inca vs Madrid<\/td>\n<\/tr>\n<tr class=\"row-9 odd\">\n\t<td class=\"column-1\">13:10<\/td><td class=\"column-2\">Sant Cugat vs Ontinyent<\/td>\n<\/tr>\n<tr class=\"row-10 even\">\n\t<td class=\"column-1\">13:50<\/td><td class=\"column-2\">ONU 1 vs Madre Alberta<\/td>\n<\/tr>\n<tr class=\"row-11 odd\">\n\t<td class=\"column-1\">14:30<\/td><td class=\"column-2\">ONU 2 vs Santa Cruz<\/td>\n<\/tr>\n<tr class=\"row-12 even\">\n\t<td class=\"column-1\">15:10<\/td><td class=\"column-2\">Realejos vs Ontinyent<\/td>\n<\/tr>\n<tr class=\"row-13 odd\">\n\t<td class=\"column-1\">Aviso: los equipos ONU integran deportistas de varios colegios<\/td><td class=\"column-2\"><\/td>\n<\/tr>\n<\/tbody>\n<\/table>\n<!-- #tablepress-354 from cache -->[\/et_pb_code][et_pb_text content_tablet=\u00bb<\/p>\n<p><strong>VIERNES, 6 MARZO<\/strong><br \/><strong>D\u00f3nde:<\/strong> campo 1 Son Moix<br \/><strong>Aviso:<\/strong> l<span>os horarios son aproximados. Los partidos comenzar\u00e1n en cuanto termine el anterior<\/span><\/p>\n<p>\u00bb content_phone=\u00bb<\/p>\n<p><strong>VIERNES, 6 MARZO<\/strong><br \/><strong>D\u00f3nde:<\/strong> campo 1 Son Moix<br \/><strong>Aviso:<\/strong> l<span>os horarios son aproximados. Los partidos comenzar\u00e1n en cuanto termine el anterior<\/span><\/p>\n<p>\u00bb content_last_edited=\u00bbon|phone\u00bb _builder_version=\u00bb4.22.2&#8243; _module_preset=\u00bbdefault\u00bb global_colors_info=\u00bb{}\u00bb]<\/p>\n<p><strong>VIERNES, 6 MARZO<\/strong><br \/><strong>D\u00f3nde:<\/strong> campo 1 Son Moix<br \/><strong>Aviso:<\/strong> l<span>os horarios son aproximados. Los partidos comenzar\u00e1n en cuanto termine el anterior<\/span><\/p>\n<p>[\/et_pb_text][et_pb_code _builder_version=\u00bb4.22.2&#8243; _module_preset=\u00bbdefault\u00bb global_colors_info=\u00bb{}\u00bb]\n<table id=\"tablepress-355\" class=\"tablepress tablepress-id-355\">\n<thead>\n<tr class=\"row-1 odd\">\n\t<th class=\"column-1\">HORA<\/th><th class=\"column-2\">PARTIDO<\/th>\n<\/tr>\n<\/thead>\n<tbody class=\"row-hover\">\n<tr class=\"row-2 even\">\n\t<td class=\"column-1\"><span style=\"color:#1F1F1F;\">8:30<\/span><\/td><td class=\"column-2\">Bilbao vs Madre Alberta<\/td>\n<\/tr>\n<tr class=\"row-3 odd\">\n\t<td class=\"column-1\"><span style=\"color:#1F1F1F;\">9:10<\/span><\/td><td class=\"column-2\">Inca vs Santa Cruz<\/td>\n<\/tr>\n<tr class=\"row-4 even\">\n\t<td class=\"column-1\"><span style=\"color:#1F1F1F;\">9:50<\/span><\/td><td class=\"column-2\">2\u00ba vs 3\u00ba<\/td>\n<\/tr>\n<tr class=\"row-5 odd\">\n\t<td class=\"column-1\"><span style=\"color:#1F1F1F;\">10:30<\/span><\/td><td class=\"column-2\">ONU 1 vs Granada<\/td>\n<\/tr>\n<tr class=\"row-6 even\">\n\t<td class=\"column-1\"><span style=\"color:#1F1F1F;\">11:10<\/span><\/td><td class=\"column-2\">ONU 2 vs Madrid<\/td>\n<\/tr>\n<tr class=\"row-7 odd\">\n\t<td class=\"column-1\"><span style=\"color:#1F1F1F;\">11:50<\/span><\/td><td class=\"column-2\">descanso<\/td>\n<\/tr>\n<tr class=\"row-8 even\">\n\t<td class=\"column-1\"><span style=\"color:#1F1F1F;\">12:30<\/span><\/td><td class=\"column-2\">1\u00ba Grupo A vs 2\u00ba Grupo C<\/td>\n<\/tr>\n<tr class=\"row-9 odd\">\n\t<td class=\"column-1\"><span style=\"color:#1F1F1F;\">13:10<\/span><\/td><td class=\"column-2\">1\u00ba Grupo B vs 1\u00ba Grupo C<\/td>\n<\/tr>\n<tr class=\"row-10 even\">\n\t<td class=\"column-1\"><span style=\"color:#1F1F1F;\">13:50<\/span><\/td><td class=\"column-2\">descanso<\/td>\n<\/tr>\n<tr class=\"row-11 odd\">\n\t<td class=\"column-1\"><span style=\"color:#1F1F1F;\">14:30<\/span><\/td><td class=\"column-2\">Tercer y Cuarto puesto<\/td>\n<\/tr>\n<tr class=\"row-12 even\">\n\t<td class=\"column-1\"><span style=\"color:#1F1F1F;\">15:10<\/span><\/td><td class=\"column-2\"><strong>FINAL<\/strong><\/td>\n<\/tr>\n<tr class=\"row-13 odd\">\n\t<td colspan=\"2\" class=\"column-1\">Aviso: los equipos ONU integran deportistas de varios colegios<\/td>\n<\/tr>\n<\/tbody>\n<\/table>\n<!-- #tablepress-355 from cache -->[\/et_pb_code][\/et_pb_column][\/et_pb_row][\/et_pb_section]<\/p>\n","protected":false},"excerpt":{"rendered":"<p>Calendario de horarios de f\u00fatbol 7, en categor\u00eda infantil, de los V Juegos Ol\u00edmpicos Pureza de Mar\u00eda<\/p>\n","protected":false},"author":2,"featured_media":0,"parent":0,"menu_order":0,"comment_status":"closed","ping_status":"closed","template":"","meta":{"_et_pb_use_builder":"on","_et_pb_old_content":"","_et_gb_content_width":"","inline_featured_image":false,"footnotes":""},"class_list":["post-3491","page","type-page","status-publish","hentry"],"yoast_head":"<!-- This site is optimized with the Yoast SEO plugin v20.1 - https:\/\/yoast.com\/wordpress\/plugins\/seo\/ -->\n<title>Horarios F\u00fatbol 7 Infantil JJOO Pureza de Mar\u00eda 2026 - Olimpiadas Pureza de Mar\u00eda<\/title>\n<meta name=\"description\" content=\"Calendario de horarios de f\u00fatbol 7, en categor\u00eda infantil, de los V Juegos Ol\u00edmpicos Pureza de Mar\u00eda, que se celebran en Mallorca\" \/>\n<meta name=\"robots\" content=\"index, follow, max-snippet:-1, max-image-preview:large, max-video-preview:-1\" \/>\n<link rel=\"canonical\" href=\"https:\/\/pmaria.es\/juegos-olimpicos\/horarios-futbol-7-infantil-jjoo-pureza-de-maria-2026\/\" \/>\n<meta property=\"og:locale\" content=\"es_ES\" \/>\n<meta property=\"og:type\" content=\"article\" \/>\n<meta property=\"og:title\" content=\"Horarios F\u00fatbol 7 Infantil JJOO Pureza de Mar\u00eda 2026 - Olimpiadas Pureza de Mar\u00eda\" \/>\n<meta property=\"og:description\" content=\"Calendario de horarios de f\u00fatbol 7, en categor\u00eda infantil, de los V Juegos Ol\u00edmpicos Pureza de Mar\u00eda, que se celebran en Mallorca\" \/>\n<meta property=\"og:url\" content=\"https:\/\/pmaria.es\/juegos-olimpicos\/horarios-futbol-7-infantil-jjoo-pureza-de-maria-2026\/\" \/>\n<meta property=\"og:site_name\" content=\"Olimpiadas Pureza de Mar\u00eda\" \/>\n<meta property=\"article:modified_time\" content=\"2026-03-05T08:06:47+00:00\" \/>\n<meta name=\"twitter:card\" content=\"summary_large_image\" \/>\n<meta name=\"twitter:label1\" content=\"Tiempo de lectura\" \/>\n\t<meta name=\"twitter:data1\" content=\"2 minutos\" \/>\n<script type=\"application\/ld+json\" class=\"yoast-schema-graph\">{\"@context\":\"https:\/\/schema.org\",\"@graph\":[{\"@type\":\"WebPage\",\"@id\":\"https:\/\/pmaria.es\/juegos-olimpicos\/horarios-futbol-7-infantil-jjoo-pureza-de-maria-2026\/\",\"url\":\"https:\/\/pmaria.es\/juegos-olimpicos\/horarios-futbol-7-infantil-jjoo-pureza-de-maria-2026\/\",\"name\":\"Horarios F\u00fatbol 7 Infantil JJOO Pureza de Mar\u00eda 2026 - Olimpiadas Pureza de Mar\u00eda\",\"isPartOf\":{\"@id\":\"https:\/\/pmaria.es\/juegos-olimpicos\/#website\"},\"datePublished\":\"2026-02-11T14:00:07+00:00\",\"dateModified\":\"2026-03-05T08:06:47+00:00\",\"description\":\"Calendario de horarios de f\u00fatbol 7, en categor\u00eda infantil, de los V Juegos Ol\u00edmpicos Pureza de Mar\u00eda, que se celebran en Mallorca\",\"breadcrumb\":{\"@id\":\"https:\/\/pmaria.es\/juegos-olimpicos\/horarios-futbol-7-infantil-jjoo-pureza-de-maria-2026\/#breadcrumb\"},\"inLanguage\":\"es\",\"potentialAction\":[{\"@type\":\"ReadAction\",\"target\":[\"https:\/\/pmaria.es\/juegos-olimpicos\/horarios-futbol-7-infantil-jjoo-pureza-de-maria-2026\/\"]}]},{\"@type\":\"BreadcrumbList\",\"@id\":\"https:\/\/pmaria.es\/juegos-olimpicos\/horarios-futbol-7-infantil-jjoo-pureza-de-maria-2026\/#breadcrumb\",\"itemListElement\":[{\"@type\":\"ListItem\",\"position\":1,\"name\":\"Portada\",\"item\":\"https:\/\/pmaria.es\/juegos-olimpicos\/\"},{\"@type\":\"ListItem\",\"position\":2,\"name\":\"Horarios F\u00fatbol 7 Infantil JJOO Pureza de Mar\u00eda 2026\"}]},{\"@type\":\"WebSite\",\"@id\":\"https:\/\/pmaria.es\/juegos-olimpicos\/#website\",\"url\":\"https:\/\/pmaria.es\/juegos-olimpicos\/\",\"name\":\"Juegos Ol\u00edmpicos Pureza de Mar\u00eda\",\"description\":\"\",\"publisher\":{\"@id\":\"https:\/\/pmaria.es\/juegos-olimpicos\/#organization\"},\"potentialAction\":[{\"@type\":\"SearchAction\",\"target\":{\"@type\":\"EntryPoint\",\"urlTemplate\":\"https:\/\/pmaria.es\/juegos-olimpicos\/?s={search_term_string}\"},\"query-input\":\"required name=search_term_string\"}],\"inLanguage\":\"es\"},{\"@type\":\"Organization\",\"@id\":\"https:\/\/pmaria.es\/juegos-olimpicos\/#organization\",\"name\":\"Juegos Ol\u00edmpicos Pureza de Mar\u00eda\",\"url\":\"https:\/\/pmaria.es\/juegos-olimpicos\/\",\"logo\":{\"@type\":\"ImageObject\",\"inLanguage\":\"es\",\"@id\":\"https:\/\/pmaria.es\/juegos-olimpicos\/#\/schema\/logo\/image\/\",\"url\":\"https:\/\/pmaria.es\/juegos-olimpicos\/wp-content\/uploads\/2023\/02\/LOGO-JJOO-2023.svg\",\"contentUrl\":\"https:\/\/pmaria.es\/juegos-olimpicos\/wp-content\/uploads\/2023\/02\/LOGO-JJOO-2023.svg\",\"width\":328,\"height\":464,\"caption\":\"Juegos Ol\u00edmpicos Pureza de Mar\u00eda\"},\"image\":{\"@id\":\"https:\/\/pmaria.es\/juegos-olimpicos\/#\/schema\/logo\/image\/\"}}]}<\/script>\n<!-- \/ Yoast SEO plugin. -->","yoast_head_json":{"title":"Horarios F\u00fatbol 7 Infantil JJOO Pureza de Mar\u00eda 2026 - Olimpiadas Pureza de Mar\u00eda","description":"Calendario de horarios de f\u00fatbol 7, en categor\u00eda infantil, de los V Juegos Ol\u00edmpicos Pureza de Mar\u00eda, que se celebran en Mallorca","robots":{"index":"index","follow":"follow","max-snippet":"max-snippet:-1","max-image-preview":"max-image-preview:large","max-video-preview":"max-video-preview:-1"},"canonical":"https:\/\/pmaria.es\/juegos-olimpicos\/horarios-futbol-7-infantil-jjoo-pureza-de-maria-2026\/","og_locale":"es_ES","og_type":"article","og_title":"Horarios F\u00fatbol 7 Infantil JJOO Pureza de Mar\u00eda 2026 - Olimpiadas Pureza de Mar\u00eda","og_description":"Calendario de horarios de f\u00fatbol 7, en categor\u00eda infantil, de los V Juegos Ol\u00edmpicos Pureza de Mar\u00eda, que se celebran en Mallorca","og_url":"https:\/\/pmaria.es\/juegos-olimpicos\/horarios-futbol-7-infantil-jjoo-pureza-de-maria-2026\/","og_site_name":"Olimpiadas Pureza de Mar\u00eda","article_modified_time":"2026-03-05T08:06:47+00:00","twitter_card":"summary_large_image","twitter_misc":{"Tiempo de lectura":"2 minutos"},"schema":{"@context":"https:\/\/schema.org","@graph":[{"@type":"WebPage","@id":"https:\/\/pmaria.es\/juegos-olimpicos\/horarios-futbol-7-infantil-jjoo-pureza-de-maria-2026\/","url":"https:\/\/pmaria.es\/juegos-olimpicos\/horarios-futbol-7-infantil-jjoo-pureza-de-maria-2026\/","name":"Horarios F\u00fatbol 7 Infantil JJOO Pureza de Mar\u00eda 2026 - Olimpiadas Pureza de Mar\u00eda","isPartOf":{"@id":"https:\/\/pmaria.es\/juegos-olimpicos\/#website"},"datePublished":"2026-02-11T14:00:07+00:00","dateModified":"2026-03-05T08:06:47+00:00","description":"Calendario de horarios de f\u00fatbol 7, en categor\u00eda infantil, de los V Juegos Ol\u00edmpicos Pureza de Mar\u00eda, que se celebran en Mallorca","breadcrumb":{"@id":"https:\/\/pmaria.es\/juegos-olimpicos\/horarios-futbol-7-infantil-jjoo-pureza-de-maria-2026\/#breadcrumb"},"inLanguage":"es","potentialAction":[{"@type":"ReadAction","target":["https:\/\/pmaria.es\/juegos-olimpicos\/horarios-futbol-7-infantil-jjoo-pureza-de-maria-2026\/"]}]},{"@type":"BreadcrumbList","@id":"https:\/\/pmaria.es\/juegos-olimpicos\/horarios-futbol-7-infantil-jjoo-pureza-de-maria-2026\/#breadcrumb","itemListElement":[{"@type":"ListItem","position":1,"name":"Portada","item":"https:\/\/pmaria.es\/juegos-olimpicos\/"},{"@type":"ListItem","position":2,"name":"Horarios F\u00fatbol 7 Infantil JJOO Pureza de Mar\u00eda 2026"}]},{"@type":"WebSite","@id":"https:\/\/pmaria.es\/juegos-olimpicos\/#website","url":"https:\/\/pmaria.es\/juegos-olimpicos\/","name":"Juegos Ol\u00edmpicos Pureza de Mar\u00eda","description":"","publisher":{"@id":"https:\/\/pmaria.es\/juegos-olimpicos\/#organization"},"potentialAction":[{"@type":"SearchAction","target":{"@type":"EntryPoint","urlTemplate":"https:\/\/pmaria.es\/juegos-olimpicos\/?s={search_term_string}"},"query-input":"required name=search_term_string"}],"inLanguage":"es"},{"@type":"Organization","@id":"https:\/\/pmaria.es\/juegos-olimpicos\/#organization","name":"Juegos Ol\u00edmpicos Pureza de Mar\u00eda","url":"https:\/\/pmaria.es\/juegos-olimpicos\/","logo":{"@type":"ImageObject","inLanguage":"es","@id":"https:\/\/pmaria.es\/juegos-olimpicos\/#\/schema\/logo\/image\/","url":"https:\/\/pmaria.es\/juegos-olimpicos\/wp-content\/uploads\/2023\/02\/LOGO-JJOO-2023.svg","contentUrl":"https:\/\/pmaria.es\/juegos-olimpicos\/wp-content\/uploads\/2023\/02\/LOGO-JJOO-2023.svg","width":328,"height":464,"caption":"Juegos Ol\u00edmpicos Pureza de Mar\u00eda"},"image":{"@id":"https:\/\/pmaria.es\/juegos-olimpicos\/#\/schema\/logo\/image\/"}}]}},"_links":{"self":[{"href":"https:\/\/pmaria.es\/juegos-olimpicos\/wp-json\/wp\/v2\/pages\/3491","targetHints":{"allow":["GET"]}}],"collection":[{"href":"https:\/\/pmaria.es\/juegos-olimpicos\/wp-json\/wp\/v2\/pages"}],"about":[{"href":"https:\/\/pmaria.es\/juegos-olimpicos\/wp-json\/wp\/v2\/types\/page"}],"author":[{"embeddable":true,"href":"https:\/\/pmaria.es\/juegos-olimpicos\/wp-json\/wp\/v2\/users\/2"}],"replies":[{"embeddable":true,"href":"https:\/\/pmaria.es\/juegos-olimpicos\/wp-json\/wp\/v2\/comments?post=3491"}],"version-history":[{"count":8,"href":"https:\/\/pmaria.es\/juegos-olimpicos\/wp-json\/wp\/v2\/pages\/3491\/revisions"}],"predecessor-version":[{"id":4212,"href":"https:\/\/pmaria.es\/juegos-olimpicos\/wp-json\/wp\/v2\/pages\/3491\/revisions\/4212"}],"wp:attachment":[{"href":"https:\/\/pmaria.es\/juegos-olimpicos\/wp-json\/wp\/v2\/media?parent=3491"}],"curies":[{"name":"wp","href":"https:\/\/api.w.org\/{rel}","templated":true}]}}