{"id":3829,"date":"2026-03-05T18:12:47","date_gmt":"2026-03-05T18:12:47","guid":{"rendered":"https:\/\/pmaria.es\/juegos-olimpicos\/?page_id=3829"},"modified":"2026-03-06T14:05:40","modified_gmt":"2026-03-06T14:05:40","slug":"resultados-baloncesto-cadete-jjoo-pureza-de-maria-2026","status":"publish","type":"page","link":"https:\/\/pmaria.es\/juegos-olimpicos\/resultados-baloncesto-cadete-jjoo-pureza-de-maria-2026\/","title":{"rendered":"Resultados Baloncesto Cadete JJOO Pureza de Mar\u00eda 2026"},"content":{"rendered":"<p>[et_pb_section fb_built=\u00bb1&#8243; admin_label=\u00bbHero\u00bb _builder_version=\u00bb4.22.2&#8243; _module_preset=\u00bbdefault\u00bb background_enable_color=\u00bboff\u00bb background_image=\u00bbhttps:\/\/pmaria.es\/juegos-olimpicos\/wp-content\/uploads\/2026\/02\/slide-juegos-olimpicos-pureza-2026.jpg\u00bb background_position=\u00bbbottom_center\u00bb background_color_tablet=\u00bbrgba(0,0,0,0.5)\u00bb background_last_edited=\u00bbon|phone\u00bb background_enable_color_tablet=\u00bbon\u00bb background_image_tablet=\u00bbhttps:\/\/pmaria.es\/juegos-olimpicos\/wp-content\/uploads\/2026\/02\/slide-juegos-olimpicos-pureza-2026.jpg\u00bb background_image_phone=\u00bbhttps:\/\/pmaria.es\/juegos-olimpicos\/wp-content\/uploads\/2026\/02\/slide-juegos-olimpicos-pureza-2026.jpg\u00bb background_enable_image_tablet=\u00bbon\u00bb background_enable_image_phone=\u00bbon\u00bb background_blend_tablet=\u00bboverlay\u00bb global_colors_info=\u00bb{}\u00bb][et_pb_row custom_padding_last_edited=\u00bbon|phone\u00bb _builder_version=\u00bb4.19.5&#8243; _module_preset=\u00bbdefault\u00bb custom_padding=\u00bb11em||11em||true|false\u00bb custom_padding_tablet=\u00bb6em||6em||true|false\u00bb custom_padding_phone=\u00bb6em||6em||true|false\u00bb global_colors_info=\u00bb{}\u00bb][et_pb_column type=\u00bb4_4&#8243; _builder_version=\u00bb4.19.5&#8243; _module_preset=\u00bbdefault\u00bb global_colors_info=\u00bb{}\u00bb][et_pb_text _builder_version=\u00bb4.20.0&#8243; _module_preset=\u00bb_initial\u00bb text_text_color=\u00bb#FFFFFF\u00bb header_text_color=\u00bb#FFFFFF\u00bb header_2_text_color=\u00bb#FFFFFF\u00bb text_orientation=\u00bbcenter\u00bb background_layout=\u00bbdark\u00bb global_colors_info=\u00bb{}\u00bb]<\/p>\n<h2>V Juegos Ol\u00edmpicos Pureza de Mar\u00eda<\/h2>\n<h1>Resultados Baloncesto Cadete<\/h1>\n<p>[\/et_pb_text][et_pb_text content_tablet=\u00bb<\/p>\n<p><strong>DEL 4 AL 7 DE MARZO 2026. MALLORCA<\/strong><\/p>\n<p>\u00bb content_phone=\u00bb<\/p>\n<p><strong>DEL 4 AL 7 DE MARZO 2026. MALLORCA<\/strong><\/p>\n<p>\u00bb content_last_edited=\u00bbon|phone\u00bb _builder_version=\u00bb4.22.2&#8243; _module_preset=\u00bbaa493a56-ca64-436d-a2d8-5d45c31bca96&#8243; text_text_color=\u00bb#FFFFFF\u00bb text_orientation=\u00bbcenter\u00bb global_colors_info=\u00bb{}\u00bb]<\/p>\n<p><strong>DEL 4 AL 7 DE MARZO 2026. MALLORCA<\/strong><\/p>\n<p>[\/et_pb_text][\/et_pb_column][\/et_pb_row][\/et_pb_section][et_pb_section fb_built=\u00bb1&#8243; admin_label=\u00bbinformaci\u00f3n detallada\u00bb _builder_version=\u00bb4.19.5&#8243; custom_padding=\u00bb100px||100px|\u00bb global_colors_info=\u00bb{}\u00bb][et_pb_row column_structure=\u00bb1_3,2_3&#8243; admin_label=\u00bbcolegios participantes\u00bb module_id=\u00bbmasculino\u00bb _builder_version=\u00bb4.20.0&#8243; custom_padding=\u00bb40px|0px|40px|0px\u00bb global_colors_info=\u00bb{}\u00bb][et_pb_column type=\u00bb1_3&#8243; _builder_version=\u00bb4.16&#8243; custom_padding=\u00bb|||\u00bb global_colors_info=\u00bb{}\u00bb custom_padding__hover=\u00bb|||\u00bb][et_pb_text content_tablet=\u00bb<\/p>\n<h3>Cadete masculino<\/h3>\n<p>\u00bb content_phone=\u00bb<\/p>\n<h3>Cadete masculino<\/h3>\n<p>\u00bb content_last_edited=\u00bbon|phone\u00bb admin_label=\u00bbTitle\u00bb _builder_version=\u00bb4.20.0&#8243; animation_direction=\u00bbleft\u00bb global_colors_info=\u00bb{}\u00bb]<\/p>\n<h3>Cadete masculino<\/h3>\n<p>[\/et_pb_text][\/et_pb_column][et_pb_column type=\u00bb2_3&#8243; _builder_version=\u00bb4.16&#8243; custom_padding=\u00bb|||\u00bb global_colors_info=\u00bb{}\u00bb custom_padding__hover=\u00bb|||\u00bb][et_pb_text content_tablet=\u00bb<\/p>\n<p><strong>JUEVES, 5 MARZO<\/strong><\/p>\n<p>\u00bb content_phone=\u00bb<\/p>\n<p><strong>JUEVES, 5 MARZO<\/strong><\/p>\n<p>\u00bb content_last_edited=\u00bbon|phone\u00bb _builder_version=\u00bb4.22.2&#8243; _module_preset=\u00bbdefault\u00bb global_colors_info=\u00bb{}\u00bb]<\/p>\n<p><strong>JUEVES, 5 MARZO<\/strong><\/p>\n<p>[\/et_pb_text][et_pb_code _builder_version=\u00bb4.22.2&#8243; _module_preset=\u00bbdefault\u00bb global_colors_info=\u00bb{}\u00bb]\n<table id=\"tablepress-406\" class=\"tablepress tablepress-id-406\">\n<thead>\n<tr class=\"row-1 odd\">\n\t<th class=\"column-1\"><span style=\"color:#1F1F1F;\">PARTIDO<\/span><\/th><th class=\"column-2\">RESULTADO<\/th>\n<\/tr>\n<\/thead>\n<tbody class=\"row-hover\">\n<tr class=\"row-2 even\">\n\t<td class=\"column-1\"><span style=\"color:#1F1F1F;\">CM (A): Madrid vs Bilbao<\/span><\/td><td class=\"column-2\">41-17<\/td>\n<\/tr>\n<tr class=\"row-3 odd\">\n\t<td class=\"column-1\"><span style=\"color:#1F1F1F;\">CM (B): Realejos\/Grao \/ Inca vs M.Alberta<\/span><\/td><td class=\"column-2\">16-39<\/td>\n<\/tr>\n<tr class=\"row-4 even\">\n\t<td class=\"column-1\"><span style=\"color:#1F1F1F;\">CM (B): Realejos\/Grao\/ Inca vs La Cuesta<\/span><\/td><td class=\"column-2\">9-36<\/td>\n<\/tr>\n<tr class=\"row-5 odd\">\n\t<td class=\"column-1\">CM (A): Bilbao vs Sta Cruz<\/td><td class=\"column-2\">19-39<\/td>\n<\/tr>\n<tr class=\"row-6 even\">\n\t<td class=\"column-1\"><span style=\"color:#1F1F1F;\">CM (B): M.Alberta vs La Cuesta<\/span><\/td><td class=\"column-2\">18-28<\/td>\n<\/tr>\n<tr class=\"row-7 odd\">\n\t<td class=\"column-1\"><span style=\"color:#1F1F1F;\">CM (A): Madrid vs Sta Cruz<\/span><\/td><td class=\"column-2\">29-22<\/td>\n<\/tr>\n<\/tbody>\n<\/table>\n<!-- #tablepress-406 from cache -->[\/et_pb_code][et_pb_text content_tablet=\u00bb<\/p>\n<p><strong>VIERNES, 6 MARZO<\/strong><\/p>\n<p>\u00bb content_phone=\u00bb<\/p>\n<p><strong>VIERNES, 6 MARZO<\/strong><\/p>\n<p>\u00bb content_last_edited=\u00bbon|phone\u00bb disabled_on=\u00bboff|off|off\u00bb _builder_version=\u00bb4.22.2&#8243; _module_preset=\u00bbdefault\u00bb global_colors_info=\u00bb{}\u00bb]<\/p>\n<p><strong>VIERNES, 6 MARZO<\/strong><\/p>\n<p>[\/et_pb_text][et_pb_code raw_content_tablet=\u00bb\u00bb raw_content_phone=\u00bb\u00bb raw_content_last_edited=\u00bbon|phone\u00bb disabled_on=\u00bboff|off|off\u00bb _builder_version=\u00bb4.22.2&#8243; _module_preset=\u00bbdefault\u00bb global_colors_info=\u00bb{}\u00bb]\n<table id=\"tablepress-407\" class=\"tablepress tablepress-id-407\">\n<thead>\n<tr class=\"row-1 odd\">\n\t<th class=\"column-1\"><span style=\"color:#1F1F1F;\">PARTIDO<\/span><\/th><th class=\"column-2\"><span style=\"color:#1F1F1F;\">RESULTADO<\/span><\/th>\n<\/tr>\n<\/thead>\n<tbody class=\"row-hover\">\n<tr class=\"row-2 even\">\n\t<td class=\"column-1\">CM SEMI 2: Santa Cruz vs La Cuesta<\/td><td class=\"column-2\">26-22<\/td>\n<\/tr>\n<tr class=\"row-3 odd\">\n\t<td class=\"column-1\">CM SEMI 1: Madrid vs Madre Alberta<\/td><td class=\"column-2\">31-16<\/td>\n<\/tr>\n<tr class=\"row-4 even\">\n\t<td class=\"column-1\">CM 5\u00ba y 6\u00ba: Bilbao vs Los Realejos\/Grao\/Inca<\/td><td class=\"column-2\">10-24<\/td>\n<\/tr>\n<tr class=\"row-5 odd\">\n\t<td class=\"column-1\">BRONCE: La Cuesta vs Madre Alberta<\/td><td class=\"column-2\">27-28<\/td>\n<\/tr>\n<\/tbody>\n<\/table>\n<!-- #tablepress-407 from cache -->[\/et_pb_code][et_pb_text content_tablet=\u00bb<\/p>\n<p><strong>S\u00c1BADO, 7 MARZO<\/strong><\/p>\n<p>\u00bb content_phone=\u00bb<\/p>\n<p><strong>S\u00c1BADO, 7 MARZO<\/strong><\/p>\n<p>\u00bb content_last_edited=\u00bbon|phone\u00bb disabled_on=\u00bboff|off|off\u00bb _builder_version=\u00bb4.22.2&#8243; _module_preset=\u00bbdefault\u00bb global_colors_info=\u00bb{}\u00bb]<\/p>\n<p><strong>S\u00c1BADO, 7 MARZO<\/strong><\/p>\n<p>[\/et_pb_text][et_pb_code disabled_on=\u00bboff|off|off\u00bb _builder_version=\u00bb4.22.2&#8243; _module_preset=\u00bbdefault\u00bb global_colors_info=\u00bb{}\u00bb]\n<table id=\"tablepress-408\" class=\"tablepress tablepress-id-408\">\n<thead>\n<tr class=\"row-1 odd\">\n\t<th class=\"column-1\">PARTIDO<\/th><th class=\"column-2\">RESULTADO<\/th>\n<\/tr>\n<\/thead>\n<tbody class=\"row-hover\">\n<tr class=\"row-2 even\">\n\t<td class=\"column-1\">FINAL: Santa Cruz vs Madrid<\/td><td class=\"column-2\">42-37<\/td>\n<\/tr>\n<\/tbody>\n<\/table>\n<!-- #tablepress-408 from cache -->[\/et_pb_code][\/et_pb_column][\/et_pb_row][et_pb_row column_structure=\u00bb1_3,2_3&#8243; admin_label=\u00bbcolegios participantes\u00bb module_id=\u00bbcolegios-participantes\u00bb _builder_version=\u00bb4.19.5&#8243; custom_padding=\u00bb40px|0px|40px|0px\u00bb global_colors_info=\u00bb{}\u00bb][et_pb_column type=\u00bb1_3&#8243; _builder_version=\u00bb4.16&#8243; custom_padding=\u00bb|||\u00bb global_colors_info=\u00bb{}\u00bb custom_padding__hover=\u00bb|||\u00bb][et_pb_text content_tablet=\u00bb<\/p>\n<h3>Cadete femenino<\/h3>\n<p>\u00bb content_phone=\u00bb<\/p>\n<h3>Cadete femenino<\/h3>\n<p>\u00bb content_last_edited=\u00bbon|phone\u00bb admin_label=\u00bbTitle\u00bb module_id=\u00bbfemenino\u00bb _builder_version=\u00bb4.20.0&#8243; animation_direction=\u00bbleft\u00bb global_colors_info=\u00bb{}\u00bb]<\/p>\n<h3>Cadete femenino<\/h3>\n<p>[\/et_pb_text][\/et_pb_column][et_pb_column type=\u00bb2_3&#8243; _builder_version=\u00bb4.16&#8243; custom_padding=\u00bb|||\u00bb global_colors_info=\u00bb{}\u00bb custom_padding__hover=\u00bb|||\u00bb][et_pb_text content_tablet=\u00bb<\/p>\n<p><strong>JUEVES, 5 MARZO<\/strong><\/p>\n<p>\u00bb content_phone=\u00bb<\/p>\n<p><strong>JUEVES, 5 MARZO<\/strong><\/p>\n<p>\u00bb content_last_edited=\u00bbon|phone\u00bb _builder_version=\u00bb4.22.2&#8243; _module_preset=\u00bbdefault\u00bb global_colors_info=\u00bb{}\u00bb]<\/p>\n<p><strong>JUEVES, 5 MARZO<\/strong><\/p>\n<p>[\/et_pb_text][et_pb_code _builder_version=\u00bb4.22.2&#8243; _module_preset=\u00bbdefault\u00bb global_colors_info=\u00bb{}\u00bb]\n<table id=\"tablepress-409\" class=\"tablepress tablepress-id-409\">\n<thead>\n<tr class=\"row-1 odd\">\n\t<th class=\"column-1\"><span style=\"color:#1F1F1F;\">PARTIDO<\/span><\/th><th class=\"column-2\"><span style=\"color:#1F1F1F;\">RESULTADO<\/span><\/th>\n<\/tr>\n<\/thead>\n<tbody class=\"row-hover\">\n<tr class=\"row-2 even\">\n\t<td class=\"column-1\"><span style=\"color:#1F1F1F;\">CF: Madrid vs Bilbao (Ida 1)<\/span><\/td><td class=\"column-2\">29-11<\/td>\n<\/tr>\n<tr class=\"row-3 odd\">\n\t<td class=\"column-1\"><span style=\"color:#1F1F1F;\">CF: Madrid vs M.Alberta (Ida 2)<\/span><\/td><td class=\"column-2\">18-31<\/td>\n<\/tr>\n<\/tbody>\n<\/table>\n<!-- #tablepress-409 from cache -->[\/et_pb_code][et_pb_text content_tablet=\u00bb<\/p>\n<p><strong>VIERNES, 6 MARZO<\/strong><\/p>\n<p>\u00bb content_phone=\u00bb<\/p>\n<p><strong>VIERNES, 6 MARZO<\/strong><\/p>\n<p>\u00bb content_last_edited=\u00bbon|phone\u00bb disabled_on=\u00bboff|off|off\u00bb _builder_version=\u00bb4.22.2&#8243; _module_preset=\u00bbdefault\u00bb locked=\u00bboff\u00bb global_colors_info=\u00bb{}\u00bb]<\/p>\n<p><strong>VIERNES, 6 MARZO<\/strong><\/p>\n<p>[\/et_pb_text][et_pb_code disabled_on=\u00bboff|off|off\u00bb _builder_version=\u00bb4.22.2&#8243; _module_preset=\u00bbdefault\u00bb global_colors_info=\u00bb{}\u00bb]\n<table id=\"tablepress-410\" class=\"tablepress tablepress-id-410\">\n<thead>\n<tr class=\"row-1 odd\">\n\t<th class=\"column-1\"><span style=\"color:#1F1F1F;\">PARTIDO<\/span><\/th><th class=\"column-2\"><span style=\"color:#1F1F1F;\">RESULTADO<\/span><\/th>\n<\/tr>\n<\/thead>\n<tbody class=\"row-hover\">\n<tr class=\"row-2 even\">\n\t<td class=\"column-1\"><span style=\"color:#1F1F1F;\">CF: Bilbao vs M.Alberta (Fin Ida)<\/span><\/td><td class=\"column-2\">12-34<\/td>\n<\/tr>\n<tr class=\"row-3 odd\">\n\t<td class=\"column-1\"><span style=\"color:#1F1F1F;\">CF: M.Alberta vs Madrid (Vuelta)<\/span><\/td><td class=\"column-2\">26-10<\/td>\n<\/tr>\n<tr class=\"row-4 even\">\n\t<td class=\"column-1\"><span style=\"color:#1F1F1F;\">CF: Bilbao vs Madrid (Inic. Vuelta)<\/span><\/td><td class=\"column-2\">24-18<\/td>\n<\/tr>\n<tr class=\"row-5 odd\">\n\t<td class=\"column-1\"><span style=\"color:#1F1F1F;\">CF: M.Alberta vs Bilbao (Fin Liga)<\/span><\/td><td class=\"column-2\">10-30<\/td>\n<\/tr>\n<\/tbody>\n<\/table>\n<!-- #tablepress-410 from cache -->[\/et_pb_code][et_pb_text content_tablet=\u00bb<\/p>\n<p><strong>S\u00c1BADO, 7 MARZO<\/strong><\/p>\n<p>\u00bb content_phone=\u00bb<\/p>\n<p><strong>S\u00c1BADO, 7 MARZO<\/strong><\/p>\n<p>\u00bb content_last_edited=\u00bbon|phone\u00bb disabled_on=\u00bboff|off|off\u00bb _builder_version=\u00bb4.22.2&#8243; _module_preset=\u00bbdefault\u00bb global_colors_info=\u00bb{}\u00bb]<\/p>\n<p><strong>S\u00c1BADO, 7 MARZO<\/strong><\/p>\n<p>[\/et_pb_text][et_pb_code disabled_on=\u00bboff|off|off\u00bb _builder_version=\u00bb4.22.2&#8243; _module_preset=\u00bbdefault\u00bb global_colors_info=\u00bb{}\u00bb]\n<table id=\"tablepress-411\" class=\"tablepress tablepress-id-411\">\n<thead>\n<tr class=\"row-1 odd\">\n\t<th class=\"column-1\">PARTIDO<\/th><th class=\"column-2\">RESULTADO<\/th>\n<\/tr>\n<\/thead>\n<tbody class=\"row-hover\">\n<tr class=\"row-2 even\">\n\t<td class=\"column-1\">FINAL: Madre Alberta vs Madrid<\/td><td class=\"column-2\">25-17<\/td>\n<\/tr>\n<\/tbody>\n<\/table>\n<!-- #tablepress-411 from cache --><!-- [et_pb_line_break_holder] -->[\/et_pb_code][\/et_pb_column][\/et_pb_row][\/et_pb_section]<\/p>\n","protected":false},"excerpt":{"rendered":"<p>Resultados de los partidos de baloncesto cadete, en categor\u00eda masculina y femenina, de los V Juegos Ol\u00edmpicos de Pureza de Mar\u00eda en Mallorca<\/p>\n","protected":false},"author":2,"featured_media":0,"parent":0,"menu_order":0,"comment_status":"closed","ping_status":"closed","template":"","meta":{"_et_pb_use_builder":"on","_et_pb_old_content":"","_et_gb_content_width":"","inline_featured_image":false,"footnotes":""},"class_list":["post-3829","page","type-page","status-publish","hentry"],"yoast_head":"<!-- This site is optimized with the Yoast SEO plugin v20.1 - https:\/\/yoast.com\/wordpress\/plugins\/seo\/ -->\n<title>Resultados Baloncesto Cadete JJOO Pureza de Mar\u00eda 2026<\/title>\n<meta name=\"description\" content=\"Resultados de los partidos de baloncesto cadete, en categor\u00eda masculina y femenina, de los V Juegos Ol\u00edmpicos de Pureza de Mar\u00eda\" \/>\n<meta name=\"robots\" content=\"index, follow, max-snippet:-1, max-image-preview:large, max-video-preview:-1\" \/>\n<link rel=\"canonical\" href=\"https:\/\/pmaria.es\/juegos-olimpicos\/resultados-baloncesto-cadete-jjoo-pureza-de-maria-2026\/\" \/>\n<meta property=\"og:locale\" content=\"es_ES\" \/>\n<meta property=\"og:type\" content=\"article\" \/>\n<meta property=\"og:title\" content=\"Resultados Baloncesto Cadete JJOO Pureza de Mar\u00eda 2026\" \/>\n<meta property=\"og:description\" content=\"Resultados de los partidos de baloncesto cadete, en categor\u00eda masculina y femenina, de los V Juegos Ol\u00edmpicos de Pureza de Mar\u00eda\" \/>\n<meta property=\"og:url\" content=\"https:\/\/pmaria.es\/juegos-olimpicos\/resultados-baloncesto-cadete-jjoo-pureza-de-maria-2026\/\" \/>\n<meta property=\"og:site_name\" content=\"Olimpiadas Pureza de Mar\u00eda\" \/>\n<meta property=\"article:modified_time\" content=\"2026-03-06T14:05:40+00:00\" \/>\n<meta name=\"twitter:card\" content=\"summary_large_image\" \/>\n<meta name=\"twitter:label1\" content=\"Tiempo de lectura\" \/>\n\t<meta name=\"twitter:data1\" content=\"2 minutos\" \/>\n<script type=\"application\/ld+json\" class=\"yoast-schema-graph\">{\"@context\":\"https:\/\/schema.org\",\"@graph\":[{\"@type\":\"WebPage\",\"@id\":\"https:\/\/pmaria.es\/juegos-olimpicos\/resultados-baloncesto-cadete-jjoo-pureza-de-maria-2026\/\",\"url\":\"https:\/\/pmaria.es\/juegos-olimpicos\/resultados-baloncesto-cadete-jjoo-pureza-de-maria-2026\/\",\"name\":\"Resultados Baloncesto Cadete JJOO Pureza de Mar\u00eda 2026\",\"isPartOf\":{\"@id\":\"https:\/\/pmaria.es\/juegos-olimpicos\/#website\"},\"datePublished\":\"2026-03-05T18:12:47+00:00\",\"dateModified\":\"2026-03-06T14:05:40+00:00\",\"description\":\"Resultados de los partidos de baloncesto cadete, en categor\u00eda masculina y femenina, de los V Juegos Ol\u00edmpicos de Pureza de Mar\u00eda\",\"breadcrumb\":{\"@id\":\"https:\/\/pmaria.es\/juegos-olimpicos\/resultados-baloncesto-cadete-jjoo-pureza-de-maria-2026\/#breadcrumb\"},\"inLanguage\":\"es\",\"potentialAction\":[{\"@type\":\"ReadAction\",\"target\":[\"https:\/\/pmaria.es\/juegos-olimpicos\/resultados-baloncesto-cadete-jjoo-pureza-de-maria-2026\/\"]}]},{\"@type\":\"BreadcrumbList\",\"@id\":\"https:\/\/pmaria.es\/juegos-olimpicos\/resultados-baloncesto-cadete-jjoo-pureza-de-maria-2026\/#breadcrumb\",\"itemListElement\":[{\"@type\":\"ListItem\",\"position\":1,\"name\":\"Portada\",\"item\":\"https:\/\/pmaria.es\/juegos-olimpicos\/\"},{\"@type\":\"ListItem\",\"position\":2,\"name\":\"Resultados Baloncesto Cadete JJOO Pureza de Mar\u00eda 2026\"}]},{\"@type\":\"WebSite\",\"@id\":\"https:\/\/pmaria.es\/juegos-olimpicos\/#website\",\"url\":\"https:\/\/pmaria.es\/juegos-olimpicos\/\",\"name\":\"Juegos Ol\u00edmpicos Pureza de Mar\u00eda\",\"description\":\"\",\"publisher\":{\"@id\":\"https:\/\/pmaria.es\/juegos-olimpicos\/#organization\"},\"potentialAction\":[{\"@type\":\"SearchAction\",\"target\":{\"@type\":\"EntryPoint\",\"urlTemplate\":\"https:\/\/pmaria.es\/juegos-olimpicos\/?s={search_term_string}\"},\"query-input\":\"required name=search_term_string\"}],\"inLanguage\":\"es\"},{\"@type\":\"Organization\",\"@id\":\"https:\/\/pmaria.es\/juegos-olimpicos\/#organization\",\"name\":\"Juegos Ol\u00edmpicos Pureza de Mar\u00eda\",\"url\":\"https:\/\/pmaria.es\/juegos-olimpicos\/\",\"logo\":{\"@type\":\"ImageObject\",\"inLanguage\":\"es\",\"@id\":\"https:\/\/pmaria.es\/juegos-olimpicos\/#\/schema\/logo\/image\/\",\"url\":\"https:\/\/pmaria.es\/juegos-olimpicos\/wp-content\/uploads\/2023\/02\/LOGO-JJOO-2023.svg\",\"contentUrl\":\"https:\/\/pmaria.es\/juegos-olimpicos\/wp-content\/uploads\/2023\/02\/LOGO-JJOO-2023.svg\",\"width\":328,\"height\":464,\"caption\":\"Juegos Ol\u00edmpicos Pureza de Mar\u00eda\"},\"image\":{\"@id\":\"https:\/\/pmaria.es\/juegos-olimpicos\/#\/schema\/logo\/image\/\"}}]}<\/script>\n<!-- \/ Yoast SEO plugin. -->","yoast_head_json":{"title":"Resultados Baloncesto Cadete JJOO Pureza de Mar\u00eda 2026","description":"Resultados de los partidos de baloncesto cadete, en categor\u00eda masculina y femenina, de los V Juegos Ol\u00edmpicos de Pureza de Mar\u00eda","robots":{"index":"index","follow":"follow","max-snippet":"max-snippet:-1","max-image-preview":"max-image-preview:large","max-video-preview":"max-video-preview:-1"},"canonical":"https:\/\/pmaria.es\/juegos-olimpicos\/resultados-baloncesto-cadete-jjoo-pureza-de-maria-2026\/","og_locale":"es_ES","og_type":"article","og_title":"Resultados Baloncesto Cadete JJOO Pureza de Mar\u00eda 2026","og_description":"Resultados de los partidos de baloncesto cadete, en categor\u00eda masculina y femenina, de los V Juegos Ol\u00edmpicos de Pureza de Mar\u00eda","og_url":"https:\/\/pmaria.es\/juegos-olimpicos\/resultados-baloncesto-cadete-jjoo-pureza-de-maria-2026\/","og_site_name":"Olimpiadas Pureza de Mar\u00eda","article_modified_time":"2026-03-06T14:05:40+00:00","twitter_card":"summary_large_image","twitter_misc":{"Tiempo de lectura":"2 minutos"},"schema":{"@context":"https:\/\/schema.org","@graph":[{"@type":"WebPage","@id":"https:\/\/pmaria.es\/juegos-olimpicos\/resultados-baloncesto-cadete-jjoo-pureza-de-maria-2026\/","url":"https:\/\/pmaria.es\/juegos-olimpicos\/resultados-baloncesto-cadete-jjoo-pureza-de-maria-2026\/","name":"Resultados Baloncesto Cadete JJOO Pureza de Mar\u00eda 2026","isPartOf":{"@id":"https:\/\/pmaria.es\/juegos-olimpicos\/#website"},"datePublished":"2026-03-05T18:12:47+00:00","dateModified":"2026-03-06T14:05:40+00:00","description":"Resultados de los partidos de baloncesto cadete, en categor\u00eda masculina y femenina, de los V Juegos Ol\u00edmpicos de Pureza de Mar\u00eda","breadcrumb":{"@id":"https:\/\/pmaria.es\/juegos-olimpicos\/resultados-baloncesto-cadete-jjoo-pureza-de-maria-2026\/#breadcrumb"},"inLanguage":"es","potentialAction":[{"@type":"ReadAction","target":["https:\/\/pmaria.es\/juegos-olimpicos\/resultados-baloncesto-cadete-jjoo-pureza-de-maria-2026\/"]}]},{"@type":"BreadcrumbList","@id":"https:\/\/pmaria.es\/juegos-olimpicos\/resultados-baloncesto-cadete-jjoo-pureza-de-maria-2026\/#breadcrumb","itemListElement":[{"@type":"ListItem","position":1,"name":"Portada","item":"https:\/\/pmaria.es\/juegos-olimpicos\/"},{"@type":"ListItem","position":2,"name":"Resultados Baloncesto Cadete JJOO Pureza de Mar\u00eda 2026"}]},{"@type":"WebSite","@id":"https:\/\/pmaria.es\/juegos-olimpicos\/#website","url":"https:\/\/pmaria.es\/juegos-olimpicos\/","name":"Juegos Ol\u00edmpicos Pureza de Mar\u00eda","description":"","publisher":{"@id":"https:\/\/pmaria.es\/juegos-olimpicos\/#organization"},"potentialAction":[{"@type":"SearchAction","target":{"@type":"EntryPoint","urlTemplate":"https:\/\/pmaria.es\/juegos-olimpicos\/?s={search_term_string}"},"query-input":"required name=search_term_string"}],"inLanguage":"es"},{"@type":"Organization","@id":"https:\/\/pmaria.es\/juegos-olimpicos\/#organization","name":"Juegos Ol\u00edmpicos Pureza de Mar\u00eda","url":"https:\/\/pmaria.es\/juegos-olimpicos\/","logo":{"@type":"ImageObject","inLanguage":"es","@id":"https:\/\/pmaria.es\/juegos-olimpicos\/#\/schema\/logo\/image\/","url":"https:\/\/pmaria.es\/juegos-olimpicos\/wp-content\/uploads\/2023\/02\/LOGO-JJOO-2023.svg","contentUrl":"https:\/\/pmaria.es\/juegos-olimpicos\/wp-content\/uploads\/2023\/02\/LOGO-JJOO-2023.svg","width":328,"height":464,"caption":"Juegos Ol\u00edmpicos Pureza de Mar\u00eda"},"image":{"@id":"https:\/\/pmaria.es\/juegos-olimpicos\/#\/schema\/logo\/image\/"}}]}},"_links":{"self":[{"href":"https:\/\/pmaria.es\/juegos-olimpicos\/wp-json\/wp\/v2\/pages\/3829","targetHints":{"allow":["GET"]}}],"collection":[{"href":"https:\/\/pmaria.es\/juegos-olimpicos\/wp-json\/wp\/v2\/pages"}],"about":[{"href":"https:\/\/pmaria.es\/juegos-olimpicos\/wp-json\/wp\/v2\/types\/page"}],"author":[{"embeddable":true,"href":"https:\/\/pmaria.es\/juegos-olimpicos\/wp-json\/wp\/v2\/users\/2"}],"replies":[{"embeddable":true,"href":"https:\/\/pmaria.es\/juegos-olimpicos\/wp-json\/wp\/v2\/comments?post=3829"}],"version-history":[{"count":7,"href":"https:\/\/pmaria.es\/juegos-olimpicos\/wp-json\/wp\/v2\/pages\/3829\/revisions"}],"predecessor-version":[{"id":4984,"href":"https:\/\/pmaria.es\/juegos-olimpicos\/wp-json\/wp\/v2\/pages\/3829\/revisions\/4984"}],"wp:attachment":[{"href":"https:\/\/pmaria.es\/juegos-olimpicos\/wp-json\/wp\/v2\/media?parent=3829"}],"curies":[{"name":"wp","href":"https:\/\/api.w.org\/{rel}","templated":true}]}}