{"id":4222,"date":"2026-03-05T15:45:31","date_gmt":"2026-03-05T15:45:31","guid":{"rendered":"https:\/\/pmaria.es\/juegos-olimpicos\/?page_id=4222"},"modified":"2026-03-05T15:45:31","modified_gmt":"2026-03-05T15:45:31","slug":"resultados-natacion-cadete-femenina-2026","status":"publish","type":"page","link":"https:\/\/pmaria.es\/juegos-olimpicos\/resultados-natacion-cadete-femenina-2026\/","title":{"rendered":"Resultados Nataci\u00f3n Cadete Femenina 2026"},"content":{"rendered":"<p>[et_pb_section fb_built=\u00bb1&#8243; admin_label=\u00bbHero\u00bb _builder_version=\u00bb4.22.2&#8243; _module_preset=\u00bbdefault\u00bb background_enable_color=\u00bboff\u00bb background_image=\u00bbhttps:\/\/pmaria.es\/juegos-olimpicos\/wp-content\/uploads\/2026\/02\/slide-juegos-olimpicos-pureza-2026.jpg\u00bb background_position=\u00bbbottom_center\u00bb background_color_tablet=\u00bbrgba(0,0,0,0.5)\u00bb background_last_edited=\u00bbon|phone\u00bb background_enable_color_tablet=\u00bbon\u00bb background_image_tablet=\u00bbhttps:\/\/pmaria.es\/juegos-olimpicos\/wp-content\/uploads\/2026\/02\/slide-juegos-olimpicos-pureza-2026.jpg\u00bb background_image_phone=\u00bbhttps:\/\/pmaria.es\/juegos-olimpicos\/wp-content\/uploads\/2023\/02\/hero-mobile-background-min.jpg\u00bb background_enable_image_tablet=\u00bbon\u00bb background_enable_image_phone=\u00bbon\u00bb background_blend_tablet=\u00bboverlay\u00bb global_colors_info=\u00bb{}\u00bb][et_pb_row custom_padding_last_edited=\u00bbon|phone\u00bb _builder_version=\u00bb4.19.5&#8243; _module_preset=\u00bbdefault\u00bb custom_padding=\u00bb11em||11em||true|false\u00bb custom_padding_tablet=\u00bb6em||6em||true|false\u00bb custom_padding_phone=\u00bb6em||6em||true|false\u00bb global_colors_info=\u00bb{}\u00bb][et_pb_column type=\u00bb4_4&#8243; _builder_version=\u00bb4.19.5&#8243; _module_preset=\u00bbdefault\u00bb global_colors_info=\u00bb{}\u00bb][et_pb_text _builder_version=\u00bb4.20.0&#8243; _module_preset=\u00bb_initial\u00bb text_text_color=\u00bb#FFFFFF\u00bb header_text_color=\u00bb#FFFFFF\u00bb header_2_text_color=\u00bb#FFFFFF\u00bb text_orientation=\u00bbcenter\u00bb background_layout=\u00bbdark\u00bb global_colors_info=\u00bb{}\u00bb]<\/p>\n<h2>IV Juegos Ol\u00edmpicos Pureza de Mar\u00eda<\/h2>\n<h1>Resultados Nataci\u00f3n Cadete Femenina<\/h1>\n<p>[\/et_pb_text][et_pb_text content_tablet=\u00bb<\/p>\n<p><strong>DEL 4 AL 7 DE MARZO DE 2026. MALLORCA<\/strong><\/p>\n<p>\u00bb content_phone=\u00bb<\/p>\n<p><strong>DEL 4 AL 7 DE MARZO DE 2026. MALLORCA<\/strong><\/p>\n<p>\u00bb content_last_edited=\u00bbon|phone\u00bb _builder_version=\u00bb4.22.2&#8243; _module_preset=\u00bbaa493a56-ca64-436d-a2d8-5d45c31bca96&#8243; text_text_color=\u00bb#FFFFFF\u00bb text_orientation=\u00bbcenter\u00bb global_colors_info=\u00bb{}\u00bb]<\/p>\n<p><strong>DEL 4 AL 7 DE MARZO DE 2026. MALLORCA<\/strong><\/p>\n<p>[\/et_pb_text][\/et_pb_column][\/et_pb_row][\/et_pb_section][et_pb_section fb_built=\u00bb1&#8243; admin_label=\u00bbinformaci\u00f3n detallada\u00bb _builder_version=\u00bb4.19.5&#8243; custom_padding=\u00bb100px||100px|\u00bb global_colors_info=\u00bb{}\u00bb][et_pb_row column_structure=\u00bb1_3,2_3&#8243; admin_label=\u00bbcolegios participantes\u00bb module_id=\u00bbcrol\u00bb _builder_version=\u00bb4.20.0&#8243; custom_padding=\u00bb39px|0px|40px|0px||\u00bb global_colors_info=\u00bb{}\u00bb][et_pb_column type=\u00bb1_3&#8243; _builder_version=\u00bb4.16&#8243; custom_padding=\u00bb|||\u00bb global_colors_info=\u00bb{}\u00bb custom_padding__hover=\u00bb|||\u00bb][et_pb_text content_tablet=\u00bb<\/p>\n<h3>Tablas de resultados 50m crol cadete femenino<\/h3>\n<p>\u00bb content_phone=\u00bb<\/p>\n<h3>Tablas de resultados 50m crol cadete femenino<\/h3>\n<p>\u00bb content_last_edited=\u00bbon|phone\u00bb admin_label=\u00bbTitle\u00bb _builder_version=\u00bb4.20.0&#8243; animation_direction=\u00bbleft\u00bb global_colors_info=\u00bb{}\u00bb]<\/p>\n<h3>Tablas de resultados 50m crol cadete femenino<\/h3>\n<p>[\/et_pb_text][\/et_pb_column][et_pb_column type=\u00bb2_3&#8243; _builder_version=\u00bb4.16&#8243; custom_padding=\u00bb|||\u00bb global_colors_info=\u00bb{}\u00bb custom_padding__hover=\u00bb|||\u00bb][et_pb_text _builder_version=\u00bb4.22.2&#8243; _module_preset=\u00bbdefault\u00bb global_colors_info=\u00bb{}\u00bb]<\/p>\n<p><strong>JUEVES, 5 MARZO<\/strong><\/p>\n<p>[\/et_pb_text][et_pb_code raw_content_tablet=\u00bb\u00bb raw_content_phone=\u00bb\u00bb raw_content_last_edited=\u00bbon|phone\u00bb _builder_version=\u00bb4.22.2&#8243; _module_preset=\u00bbdefault\u00bb global_colors_info=\u00bb{}\u00bb]<strong>Serie 1<\/strong><!-- [et_pb_line_break_holder] -->\n<table id=\"tablepress-535\" class=\"tablepress tablepress-id-535\">\n<thead>\n<tr class=\"row-1 odd\">\n\t<th class=\"column-1\">ALUMNO Y COLEGIO<\/th><th class=\"column-2\">TIEMPO<\/th>\n<\/tr>\n<\/thead>\n<tbody>\n<tr class=\"row-2 even\">\n\t<td class=\"column-1\">Isabel Franco Pello \/ Madrid<\/td><td class=\"column-2\">00:34:41.00<\/td>\n<\/tr>\n<tr class=\"row-3 odd\">\n\t<td class=\"column-1\">Adriana Gonz\u00e1lez Garc\u00eda \/ Los Realejos<\/td><td class=\"column-2\">00:40:05.00<\/td>\n<\/tr>\n<tr class=\"row-4 even\">\n\t<td class=\"column-1\">Ane Bolinaga Ere\u00f1o \/ Bilbao<\/td><td class=\"column-2\">00:40.65.00<\/td>\n<\/tr>\n<tr class=\"row-5 odd\">\n\t<td class=\"column-1\">Elena Su\u00e1rez Hern\u00e1ndez \/ Santa Cruz<\/td><td class=\"column-2\">00:43:72.00<\/td>\n<\/tr>\n<\/tbody>\n<\/table>\n<!-- #tablepress-535 from cache -->[\/et_pb_code][et_pb_code raw_content_tablet=\u00bb\u00bb raw_content_phone=\u00bb\u00bb raw_content_last_edited=\u00bbon|phone\u00bb _builder_version=\u00bb4.22.2&#8243; _module_preset=\u00bbdefault\u00bb global_colors_info=\u00bb{}\u00bb]<strong>Serie 2<\/strong><!-- [et_pb_line_break_holder] -->\n<table id=\"tablepress-536\" class=\"tablepress tablepress-id-536\">\n<thead>\n<tr class=\"row-1 odd\">\n\t<th class=\"column-1\">ALUMNO Y COLEGIO<\/th><th class=\"column-2\">TIEMPO<\/th>\n<\/tr>\n<\/thead>\n<tbody>\n<tr class=\"row-2 even\">\n\t<td class=\"column-1\">Adela Baute D\u00edaz \/ Los Realejos<\/td><td class=\"column-2\">00:31:83.00<\/td>\n<\/tr>\n<tr class=\"row-3 odd\">\n\t<td class=\"column-1\">Ginebra Mara de Arrate \/ Santa Cruz<\/td><td class=\"column-2\">00:32:22.0<\/td>\n<\/tr>\n<tr class=\"row-4 even\">\n\t<td class=\"column-1\">Victoria Ortega Peces \/ Madrid<\/td><td class=\"column-2\">00:35:06.00<\/td>\n<\/tr>\n<tr class=\"row-5 odd\">\n\t<td class=\"column-1\">Aiala Moja Nagore \/ Bilbao<\/td><td class=\"column-2\">00:43:49.00<\/td>\n<\/tr>\n<\/tbody>\n<\/table>\n<!-- #tablepress-536 from cache -->[\/et_pb_code][et_pb_code raw_content_tablet=\u00bb\u00bb raw_content_phone=\u00bb\u00bb raw_content_last_edited=\u00bbon|phone\u00bb _builder_version=\u00bb4.22.2&#8243; _module_preset=\u00bbdefault\u00bb global_colors_info=\u00bb{}\u00bb]<strong>Serie 3<\/strong><!-- [et_pb_line_break_holder] -->\n<table id=\"tablepress-537\" class=\"tablepress tablepress-id-537\">\n<thead>\n<tr class=\"row-1 odd\">\n\t<th class=\"column-1\">ALUMNO Y COLEGIO<\/th><th class=\"column-2\">TIEMPO<\/th>\n<\/tr>\n<\/thead>\n<tbody>\n<tr class=\"row-2 even\">\n\t<td class=\"column-1\">Aldana Zanardi Baldi \/ Manacor<\/td><td class=\"column-2\">00:29:65.00<\/td>\n<\/tr>\n<tr class=\"row-3 odd\">\n\t<td class=\"column-1\">Jimena Mazaira Grijalba \/ Bilbao<\/td><td class=\"column-2\">00:38:09.00<\/td>\n<\/tr>\n<tr class=\"row-4 even\">\n\t<td class=\"column-1\">Sof\u00eda Salas Corona \/ Madrid<\/td><td class=\"column-2\">00:38:79.00<\/td>\n<\/tr>\n<tr class=\"row-5 odd\">\n\t<td class=\"column-1\">Elena Rodr\u00edguez Dorge \/ La Cuesta<\/td><td class=\"column-2\">00:38:89.00<\/td>\n<\/tr>\n<\/tbody>\n<\/table>\n<!-- #tablepress-537 from cache -->[\/et_pb_code][et_pb_code raw_content_tablet=\u00bb\u00bb raw_content_phone=\u00bb\u00bb raw_content_last_edited=\u00bbon|phone\u00bb _builder_version=\u00bb4.22.2&#8243; _module_preset=\u00bbdefault\u00bb global_colors_info=\u00bb{}\u00bb]<strong>Serie 4<\/strong><!-- [et_pb_line_break_holder] -->\n<table id=\"tablepress-538\" class=\"tablepress tablepress-id-538\">\n<thead>\n<tr class=\"row-1 odd\">\n\t<th class=\"column-1\">ALUMNO Y COLEGIO<\/th><th class=\"column-2\">TIEMPO<\/th>\n<\/tr>\n<\/thead>\n<tbody>\n<tr class=\"row-2 even\">\n\t<td class=\"column-1\">Leire Jim\u00e9nez Valdivia \/ Madre Alberta<\/td><td class=\"column-2\">00:31:31.00<\/td>\n<\/tr>\n<tr class=\"row-3 odd\">\n\t<td class=\"column-1\">Claudia D\u00edaz Gallo \/ Madrid<\/td><td class=\"column-2\">00:34:93.00<\/td>\n<\/tr>\n<tr class=\"row-4 even\">\n\t<td class=\"column-1\">Vega Giron\u00e9s Iranzo \/ Ontinyent<\/td><td class=\"column-2\">00:34:93.00<\/td>\n<\/tr>\n<tr class=\"row-5 odd\">\n\t<td class=\"column-1\">Aroa Carazo Le\u00f3n \/ Bilbao<\/td><td class=\"column-2\">00:40:12.00<\/td>\n<\/tr>\n<\/tbody>\n<\/table>\n<!-- #tablepress-538 from cache -->[\/et_pb_code][\/et_pb_column][\/et_pb_row][et_pb_row column_structure=\u00bb1_3,2_3&#8243; disabled_on=\u00bboff|off|off\u00bb admin_label=\u00bbcolegios participantes\u00bb module_id=\u00bbbraza\u00bb _builder_version=\u00bb4.20.0&#8243; custom_padding=\u00bb39px|0px|40px|0px||\u00bb global_colors_info=\u00bb{}\u00bb][et_pb_column type=\u00bb1_3&#8243; _builder_version=\u00bb4.16&#8243; custom_padding=\u00bb|||\u00bb global_colors_info=\u00bb{}\u00bb custom_padding__hover=\u00bb|||\u00bb][et_pb_text content_tablet=\u00bb<\/p>\n<h3>Tablas de resultados 50m braza cadete femenina<\/h3>\n<p>\u00bb content_phone=\u00bb<\/p>\n<h3>Tablas de resultados 50m braza cadete femenina<\/h3>\n<p>\u00bb content_last_edited=\u00bbon|phone\u00bb admin_label=\u00bbTitle\u00bb _builder_version=\u00bb4.20.0&#8243; animation_direction=\u00bbleft\u00bb global_colors_info=\u00bb{}\u00bb]<\/p>\n<h3>Tablas de resultados 50m braza cadete femenina<\/h3>\n<p>[\/et_pb_text][\/et_pb_column][et_pb_column type=\u00bb2_3&#8243; _builder_version=\u00bb4.16&#8243; custom_padding=\u00bb|||\u00bb global_colors_info=\u00bb{}\u00bb custom_padding__hover=\u00bb|||\u00bb][et_pb_text content_tablet=\u00bb<\/p>\n<p><strong>JUEVES, 5 MARZO<\/strong><\/p>\n<p>\u00bb content_phone=\u00bb<\/p>\n<p><strong>JUEVES, 5 MARZO<\/strong><\/p>\n<p>\u00bb content_last_edited=\u00bbon|desktop\u00bb _builder_version=\u00bb4.22.2&#8243; _module_preset=\u00bbdefault\u00bb global_colors_info=\u00bb{}\u00bb]<\/p>\n<p><strong>JUEVES, 5 MARZO<\/strong><\/p>\n<p>[\/et_pb_text][et_pb_code raw_content_tablet=\u00bb\u00bb raw_content_phone=\u00bb\u00bb raw_content_last_edited=\u00bbon|phone\u00bb _builder_version=\u00bb4.22.2&#8243; _module_preset=\u00bbdefault\u00bb global_colors_info=\u00bb{}\u00bb]<strong>Serie 1<\/strong><!-- [et_pb_line_break_holder] -->\n<table id=\"tablepress-539\" class=\"tablepress tablepress-id-539\">\n<thead>\n<tr class=\"row-1 odd\">\n\t<th class=\"column-1\">ALUMNA Y COLEGIO<\/th><th class=\"column-2\">TIEMPO<\/th>\n<\/tr>\n<\/thead>\n<tbody>\n<tr class=\"row-2 even\">\n\t<td class=\"column-1\">Vega Giron\u00e9s Iranzo \/ Ontinyent<\/td><td class=\"column-2\">00:43:58.00<\/td>\n<\/tr>\n<tr class=\"row-3 odd\">\n\t<td class=\"column-1\">Victoria Ortega Peces \/ Madrid<\/td><td class=\"column-2\">00:48:08.00<\/td>\n<\/tr>\n<tr class=\"row-4 even\">\n\t<td class=\"column-1\">Gema M\u00e1s L\u00f3pez \/ Madrid<\/td><td class=\"column-2\">00:48:77.00<\/td>\n<\/tr>\n<tr class=\"row-5 odd\">\n\t<td class=\"column-1\">Ariane C\u00e1mara Gonz\u00e1lez \/ Bilbao<\/td><td class=\"column-2\">00:52:08.00<\/td>\n<\/tr>\n<tr class=\"row-6 even\">\n\t<td class=\"column-1\">Ane Bolinaga Ere\u00f1o \/ Bilbao<\/td><td class=\"column-2\">00:55.74.00<\/td>\n<\/tr>\n<\/tbody>\n<\/table>\n<!-- #tablepress-539 from cache -->[\/et_pb_code][et_pb_code raw_content_tablet=\u00bb\u00bb raw_content_phone=\u00bb\u00bb raw_content_last_edited=\u00bbon|phone\u00bb _builder_version=\u00bb4.22.2&#8243; _module_preset=\u00bbdefault\u00bb global_colors_info=\u00bb{}\u00bb]<strong>Serie 2<\/strong><!-- [et_pb_line_break_holder] -->\n<table id=\"tablepress-540\" class=\"tablepress tablepress-id-540\">\n<thead>\n<tr class=\"row-1 odd\">\n\t<th class=\"column-1\">ALUMNO Y COLEGIO<\/th><th class=\"column-2\">TIEMPO<\/th>\n<\/tr>\n<\/thead>\n<tbody>\n<tr class=\"row-2 even\">\n\t<td class=\"column-1\">Aiala Moja Nagore \/ Bilbao<\/td><td class=\"column-2\">00:58:99.00<\/td>\n<\/tr>\n<tr class=\"row-3 odd\">\n\t<td class=\"column-1\">Claudia D\u00edaz Gallo \/ Madrid<\/td><td class=\"column-2\">00:48:10.00<\/td>\n<\/tr>\n<tr class=\"row-4 even\">\n\t<td class=\"column-1\">Martina Miguelez Marquina \/ Bilbao<\/td><td class=\"column-2\">01:16:38.00<\/td>\n<\/tr>\n<tr class=\"row-5 odd\">\n\t<td class=\"column-1\">Elena Su\u00e1rez Hern\u00e1ndez \/ Santa Cruz<\/td><td class=\"column-2\">01:17:38.00<\/td>\n<\/tr>\n<tr class=\"row-6 even\">\n\t<td class=\"column-1\">Marina Hern\u00e1ndez Ruizolalla \/ Madrid<\/td><td class=\"column-2\">00:52:58.00<\/td>\n<\/tr>\n<\/tbody>\n<\/table>\n<!-- #tablepress-540 from cache -->[\/et_pb_code][\/et_pb_column][\/et_pb_row][et_pb_row column_structure=\u00bb1_3,2_3&#8243; disabled_on=\u00bboff|off|off\u00bb admin_label=\u00bbcolegios participantes\u00bb module_id=\u00bbespalda\u00bb _builder_version=\u00bb4.20.0&#8243; custom_padding=\u00bb40px|0px|40px|0px\u00bb global_colors_info=\u00bb{}\u00bb][et_pb_column type=\u00bb1_3&#8243; _builder_version=\u00bb4.16&#8243; custom_padding=\u00bb|||\u00bb global_colors_info=\u00bb{}\u00bb custom_padding__hover=\u00bb|||\u00bb][et_pb_text content_tablet=\u00bb<\/p>\n<h3>Tablas de resultados 50m espalda cadete femenino<\/h3>\n<p>\u00bb content_phone=\u00bb<\/p>\n<h3>Tablas de resultados 50m espalda cadete femenino<\/h3>\n<p>\u00bb content_last_edited=\u00bbon|phone\u00bb admin_label=\u00bbTitle\u00bb _builder_version=\u00bb4.20.0&#8243; animation_direction=\u00bbleft\u00bb global_colors_info=\u00bb{}\u00bb]<\/p>\n<h3>Tablas de resultados 50m espalda cadete femenino<\/h3>\n<p>[\/et_pb_text][\/et_pb_column][et_pb_column type=\u00bb2_3&#8243; _builder_version=\u00bb4.16&#8243; custom_padding=\u00bb|||\u00bb global_colors_info=\u00bb{}\u00bb custom_padding__hover=\u00bb|||\u00bb][et_pb_text content_tablet=\u00bb<\/p>\n<p><strong>JUEVES, 5 MARZO<\/strong><\/p>\n<p>\u00bb content_phone=\u00bb<\/p>\n<p><strong>JUEVES, 5 MARZO<\/strong><\/p>\n<p>\u00bb content_last_edited=\u00bbon|phone\u00bb _builder_version=\u00bb4.22.2&#8243; _module_preset=\u00bbdefault\u00bb global_colors_info=\u00bb{}\u00bb]<\/p>\n<p><strong>JUEVES, 5 MARZO<\/strong><\/p>\n<p>[\/et_pb_text][et_pb_code raw_content_tablet=\u00bb\u00bb raw_content_phone=\u00bb\u00bb raw_content_last_edited=\u00bbon|phone\u00bb _builder_version=\u00bb4.22.2&#8243; _module_preset=\u00bbdefault\u00bb global_colors_info=\u00bb{}\u00bb]<strong>Serie 1<\/strong><!-- [et_pb_line_break_holder] -->\n<table id=\"tablepress-541\" class=\"tablepress tablepress-id-541\">\n<thead>\n<tr class=\"row-1 odd\">\n\t<th class=\"column-1\">ALUMNO Y COLEGIO<\/th><th class=\"column-2\">TIEMPO<\/th>\n<\/tr>\n<\/thead>\n<tbody>\n<tr class=\"row-2 even\">\n\t<td class=\"column-1\">Leire Jim\u00e9nez Valdivia \/ Madre Alberta<\/td><td class=\"column-2\">00:38:20.00<\/td>\n<\/tr>\n<tr class=\"row-3 odd\">\n\t<td class=\"column-1\">Ginebra Mara de Arrate \/ Santa Cruz<\/td><td class=\"column-2\">00:38:84.00<\/td>\n<\/tr>\n<tr class=\"row-4 even\">\n\t<td class=\"column-1\">Lourdes G\u00e1lvez Aguilera \/ Madrid<\/td><td class=\"column-2\">00:41:19.00<\/td>\n<\/tr>\n<tr class=\"row-5 odd\">\n\t<td class=\"column-1\">Jimena Mazaira Grijalba \/ Bilbao<\/td><td class=\"column-2\">00:44:25.00<\/td>\n<\/tr>\n<tr class=\"row-6 even\">\n\t<td class=\"column-1\">Elena Rodr\u00edguez Dorge \/ La Cuesta<\/td><td class=\"column-2\">00:50:14.00<\/td>\n<\/tr>\n<\/tbody>\n<\/table>\n<!-- #tablepress-541 from cache -->[\/et_pb_code][et_pb_code raw_content_tablet=\u00bb\u00bb raw_content_phone=\u00bb\u00bb raw_content_last_edited=\u00bbon|phone\u00bb _builder_version=\u00bb4.22.2&#8243; _module_preset=\u00bbdefault\u00bb global_colors_info=\u00bb{}\u00bb]<strong>Serie 2<\/strong><!-- [et_pb_line_break_holder] -->\n<table id=\"tablepress-542\" class=\"tablepress tablepress-id-542\">\n<thead>\n<tr class=\"row-1 odd\">\n\t<th class=\"column-1\">ALUMNO Y COLEGIO<\/th><th class=\"column-2\">TIEMPO<\/th>\n<\/tr>\n<\/thead>\n<tbody>\n<tr class=\"row-2 even\">\n\t<td class=\"column-1\">Adela Baute D\u00edaz \/ Los Realejos<\/td><td class=\"column-2\">00:38:12.00<\/td>\n<\/tr>\n<tr class=\"row-3 odd\">\n\t<td class=\"column-1\">Leyre Bustos Corcovado \/ Madrid<\/td><td class=\"column-2\">00:49:06.00<\/td>\n<\/tr>\n<tr class=\"row-4 even\">\n\t<td class=\"column-1\">Dorleta Carral Arribas \/ Bilbao<\/td><td class=\"column-2\">00:48:18.00<\/td>\n<\/tr>\n<tr class=\"row-5 odd\">\n\t<td class=\"column-1\">Aldana Zanardi Baldi \/ Manacor<\/td><td class=\"column-2\">00:37:69.00<\/td>\n<\/tr>\n<\/tbody>\n<\/table>\n<!-- #tablepress-542 from cache -->[\/et_pb_code][et_pb_code raw_content_tablet=\u00bb\u00bb raw_content_phone=\u00bb\u00bb raw_content_last_edited=\u00bbon|phone\u00bb _builder_version=\u00bb4.22.2&#8243; _module_preset=\u00bbdefault\u00bb global_colors_info=\u00bb{}\u00bb]<strong>Serie 3<\/strong><!-- [et_pb_line_break_holder] -->\n<table id=\"tablepress-543\" class=\"tablepress tablepress-id-543\">\n<thead>\n<tr class=\"row-1 odd\">\n\t<th class=\"column-1\">ALUMNO Y COLEGIO<\/th><th class=\"column-2\">TIEMPO<\/th>\n<\/tr>\n<\/thead>\n<tbody>\n<tr class=\"row-2 even\">\n\t<td class=\"column-1\">Ariane C\u00e1mara Gonz\u00e1lez \/ Bilbao<\/td><td class=\"column-2\">00:45:77.00<\/td>\n<\/tr>\n<tr class=\"row-3 odd\">\n\t<td class=\"column-1\">Marina Tapia Cano \/ Madrid<\/td><td class=\"column-2\">00.48:39.00<\/td>\n<\/tr>\n<tr class=\"row-4 even\">\n\t<td class=\"column-1\">Sof\u00eda Mu\u00f1oz Camacho \/ Madrid<\/td><td class=\"column-2\">00:53:54.00<\/td>\n<\/tr>\n<tr class=\"row-5 odd\">\n\t<td class=\"column-1\">Martina Miguelez Marquina \/ Bilbao<\/td><td class=\"column-2\">01:01:93.00<\/td>\n<\/tr>\n<\/tbody>\n<\/table>\n<!-- #tablepress-543 from cache -->[\/et_pb_code][\/et_pb_column][\/et_pb_row][\/et_pb_section]<\/p>\n","protected":false},"excerpt":{"rendered":"<p>Resultados de las pruebas de nataci\u00f3n cadete femenina en los V Juegos Ol\u00edmpicos de Pureza de Mar\u00eda, que se celebran en Mallorca<\/p>\n","protected":false},"author":2,"featured_media":0,"parent":0,"menu_order":0,"comment_status":"closed","ping_status":"closed","template":"","meta":{"_et_pb_use_builder":"on","_et_pb_old_content":"","_et_gb_content_width":"","inline_featured_image":false,"footnotes":""},"class_list":["post-4222","page","type-page","status-publish","hentry"],"yoast_head":"<!-- This site is optimized with the Yoast SEO plugin v20.1 - https:\/\/yoast.com\/wordpress\/plugins\/seo\/ -->\n<title>Resultados Nataci\u00f3n Cadete Femenina 2026 - Olimpiadas Pureza de Mar\u00eda<\/title>\n<meta name=\"description\" content=\"Resultados de las pruebas de nataci\u00f3n cadete femenina en los V Juegos Ol\u00edmpicos de Pureza de Mar\u00eda, que se celebran en Mallorca\" \/>\n<meta name=\"robots\" content=\"index, follow, max-snippet:-1, max-image-preview:large, max-video-preview:-1\" \/>\n<link rel=\"canonical\" href=\"https:\/\/pmaria.es\/juegos-olimpicos\/resultados-natacion-cadete-femenina-2026\/\" \/>\n<meta property=\"og:locale\" content=\"es_ES\" \/>\n<meta property=\"og:type\" content=\"article\" \/>\n<meta property=\"og:title\" content=\"Resultados Nataci\u00f3n Cadete Femenina 2026 - Olimpiadas Pureza de Mar\u00eda\" \/>\n<meta property=\"og:description\" content=\"Resultados de las pruebas de nataci\u00f3n cadete femenina en los V Juegos Ol\u00edmpicos de Pureza de Mar\u00eda, que se celebran en Mallorca\" \/>\n<meta property=\"og:url\" content=\"https:\/\/pmaria.es\/juegos-olimpicos\/resultados-natacion-cadete-femenina-2026\/\" \/>\n<meta property=\"og:site_name\" content=\"Olimpiadas Pureza de Mar\u00eda\" \/>\n<meta name=\"twitter:card\" content=\"summary_large_image\" \/>\n<meta name=\"twitter:label1\" content=\"Tiempo de lectura\" \/>\n\t<meta name=\"twitter:data1\" content=\"2 minutos\" \/>\n<script type=\"application\/ld+json\" class=\"yoast-schema-graph\">{\"@context\":\"https:\/\/schema.org\",\"@graph\":[{\"@type\":\"WebPage\",\"@id\":\"https:\/\/pmaria.es\/juegos-olimpicos\/resultados-natacion-cadete-femenina-2026\/\",\"url\":\"https:\/\/pmaria.es\/juegos-olimpicos\/resultados-natacion-cadete-femenina-2026\/\",\"name\":\"Resultados Nataci\u00f3n Cadete Femenina 2026 - Olimpiadas Pureza de Mar\u00eda\",\"isPartOf\":{\"@id\":\"https:\/\/pmaria.es\/juegos-olimpicos\/#website\"},\"datePublished\":\"2026-03-05T15:45:31+00:00\",\"dateModified\":\"2026-03-05T15:45:31+00:00\",\"description\":\"Resultados de las pruebas de nataci\u00f3n cadete femenina en los V Juegos Ol\u00edmpicos de Pureza de Mar\u00eda, que se celebran en Mallorca\",\"breadcrumb\":{\"@id\":\"https:\/\/pmaria.es\/juegos-olimpicos\/resultados-natacion-cadete-femenina-2026\/#breadcrumb\"},\"inLanguage\":\"es\",\"potentialAction\":[{\"@type\":\"ReadAction\",\"target\":[\"https:\/\/pmaria.es\/juegos-olimpicos\/resultados-natacion-cadete-femenina-2026\/\"]}]},{\"@type\":\"BreadcrumbList\",\"@id\":\"https:\/\/pmaria.es\/juegos-olimpicos\/resultados-natacion-cadete-femenina-2026\/#breadcrumb\",\"itemListElement\":[{\"@type\":\"ListItem\",\"position\":1,\"name\":\"Portada\",\"item\":\"https:\/\/pmaria.es\/juegos-olimpicos\/\"},{\"@type\":\"ListItem\",\"position\":2,\"name\":\"Resultados Nataci\u00f3n Cadete Femenina 2026\"}]},{\"@type\":\"WebSite\",\"@id\":\"https:\/\/pmaria.es\/juegos-olimpicos\/#website\",\"url\":\"https:\/\/pmaria.es\/juegos-olimpicos\/\",\"name\":\"Juegos Ol\u00edmpicos Pureza de Mar\u00eda\",\"description\":\"\",\"publisher\":{\"@id\":\"https:\/\/pmaria.es\/juegos-olimpicos\/#organization\"},\"potentialAction\":[{\"@type\":\"SearchAction\",\"target\":{\"@type\":\"EntryPoint\",\"urlTemplate\":\"https:\/\/pmaria.es\/juegos-olimpicos\/?s={search_term_string}\"},\"query-input\":\"required name=search_term_string\"}],\"inLanguage\":\"es\"},{\"@type\":\"Organization\",\"@id\":\"https:\/\/pmaria.es\/juegos-olimpicos\/#organization\",\"name\":\"Juegos Ol\u00edmpicos Pureza de Mar\u00eda\",\"url\":\"https:\/\/pmaria.es\/juegos-olimpicos\/\",\"logo\":{\"@type\":\"ImageObject\",\"inLanguage\":\"es\",\"@id\":\"https:\/\/pmaria.es\/juegos-olimpicos\/#\/schema\/logo\/image\/\",\"url\":\"https:\/\/pmaria.es\/juegos-olimpicos\/wp-content\/uploads\/2023\/02\/LOGO-JJOO-2023.svg\",\"contentUrl\":\"https:\/\/pmaria.es\/juegos-olimpicos\/wp-content\/uploads\/2023\/02\/LOGO-JJOO-2023.svg\",\"width\":328,\"height\":464,\"caption\":\"Juegos Ol\u00edmpicos Pureza de Mar\u00eda\"},\"image\":{\"@id\":\"https:\/\/pmaria.es\/juegos-olimpicos\/#\/schema\/logo\/image\/\"}}]}<\/script>\n<!-- \/ Yoast SEO plugin. -->","yoast_head_json":{"title":"Resultados Nataci\u00f3n Cadete Femenina 2026 - Olimpiadas Pureza de Mar\u00eda","description":"Resultados de las pruebas de nataci\u00f3n cadete femenina en los V Juegos Ol\u00edmpicos de Pureza de Mar\u00eda, que se celebran en Mallorca","robots":{"index":"index","follow":"follow","max-snippet":"max-snippet:-1","max-image-preview":"max-image-preview:large","max-video-preview":"max-video-preview:-1"},"canonical":"https:\/\/pmaria.es\/juegos-olimpicos\/resultados-natacion-cadete-femenina-2026\/","og_locale":"es_ES","og_type":"article","og_title":"Resultados Nataci\u00f3n Cadete Femenina 2026 - Olimpiadas Pureza de Mar\u00eda","og_description":"Resultados de las pruebas de nataci\u00f3n cadete femenina en los V Juegos Ol\u00edmpicos de Pureza de Mar\u00eda, que se celebran en Mallorca","og_url":"https:\/\/pmaria.es\/juegos-olimpicos\/resultados-natacion-cadete-femenina-2026\/","og_site_name":"Olimpiadas Pureza de Mar\u00eda","twitter_card":"summary_large_image","twitter_misc":{"Tiempo de lectura":"2 minutos"},"schema":{"@context":"https:\/\/schema.org","@graph":[{"@type":"WebPage","@id":"https:\/\/pmaria.es\/juegos-olimpicos\/resultados-natacion-cadete-femenina-2026\/","url":"https:\/\/pmaria.es\/juegos-olimpicos\/resultados-natacion-cadete-femenina-2026\/","name":"Resultados Nataci\u00f3n Cadete Femenina 2026 - Olimpiadas Pureza de Mar\u00eda","isPartOf":{"@id":"https:\/\/pmaria.es\/juegos-olimpicos\/#website"},"datePublished":"2026-03-05T15:45:31+00:00","dateModified":"2026-03-05T15:45:31+00:00","description":"Resultados de las pruebas de nataci\u00f3n cadete femenina en los V Juegos Ol\u00edmpicos de Pureza de Mar\u00eda, que se celebran en Mallorca","breadcrumb":{"@id":"https:\/\/pmaria.es\/juegos-olimpicos\/resultados-natacion-cadete-femenina-2026\/#breadcrumb"},"inLanguage":"es","potentialAction":[{"@type":"ReadAction","target":["https:\/\/pmaria.es\/juegos-olimpicos\/resultados-natacion-cadete-femenina-2026\/"]}]},{"@type":"BreadcrumbList","@id":"https:\/\/pmaria.es\/juegos-olimpicos\/resultados-natacion-cadete-femenina-2026\/#breadcrumb","itemListElement":[{"@type":"ListItem","position":1,"name":"Portada","item":"https:\/\/pmaria.es\/juegos-olimpicos\/"},{"@type":"ListItem","position":2,"name":"Resultados Nataci\u00f3n Cadete Femenina 2026"}]},{"@type":"WebSite","@id":"https:\/\/pmaria.es\/juegos-olimpicos\/#website","url":"https:\/\/pmaria.es\/juegos-olimpicos\/","name":"Juegos Ol\u00edmpicos Pureza de Mar\u00eda","description":"","publisher":{"@id":"https:\/\/pmaria.es\/juegos-olimpicos\/#organization"},"potentialAction":[{"@type":"SearchAction","target":{"@type":"EntryPoint","urlTemplate":"https:\/\/pmaria.es\/juegos-olimpicos\/?s={search_term_string}"},"query-input":"required name=search_term_string"}],"inLanguage":"es"},{"@type":"Organization","@id":"https:\/\/pmaria.es\/juegos-olimpicos\/#organization","name":"Juegos Ol\u00edmpicos Pureza de Mar\u00eda","url":"https:\/\/pmaria.es\/juegos-olimpicos\/","logo":{"@type":"ImageObject","inLanguage":"es","@id":"https:\/\/pmaria.es\/juegos-olimpicos\/#\/schema\/logo\/image\/","url":"https:\/\/pmaria.es\/juegos-olimpicos\/wp-content\/uploads\/2023\/02\/LOGO-JJOO-2023.svg","contentUrl":"https:\/\/pmaria.es\/juegos-olimpicos\/wp-content\/uploads\/2023\/02\/LOGO-JJOO-2023.svg","width":328,"height":464,"caption":"Juegos Ol\u00edmpicos Pureza de Mar\u00eda"},"image":{"@id":"https:\/\/pmaria.es\/juegos-olimpicos\/#\/schema\/logo\/image\/"}}]}},"_links":{"self":[{"href":"https:\/\/pmaria.es\/juegos-olimpicos\/wp-json\/wp\/v2\/pages\/4222","targetHints":{"allow":["GET"]}}],"collection":[{"href":"https:\/\/pmaria.es\/juegos-olimpicos\/wp-json\/wp\/v2\/pages"}],"about":[{"href":"https:\/\/pmaria.es\/juegos-olimpicos\/wp-json\/wp\/v2\/types\/page"}],"author":[{"embeddable":true,"href":"https:\/\/pmaria.es\/juegos-olimpicos\/wp-json\/wp\/v2\/users\/2"}],"replies":[{"embeddable":true,"href":"https:\/\/pmaria.es\/juegos-olimpicos\/wp-json\/wp\/v2\/comments?post=4222"}],"version-history":[{"count":6,"href":"https:\/\/pmaria.es\/juegos-olimpicos\/wp-json\/wp\/v2\/pages\/4222\/revisions"}],"predecessor-version":[{"id":4437,"href":"https:\/\/pmaria.es\/juegos-olimpicos\/wp-json\/wp\/v2\/pages\/4222\/revisions\/4437"}],"wp:attachment":[{"href":"https:\/\/pmaria.es\/juegos-olimpicos\/wp-json\/wp\/v2\/media?parent=4222"}],"curies":[{"name":"wp","href":"https:\/\/api.w.org\/{rel}","templated":true}]}}