{"id":466,"date":"2023-02-20T13:56:22","date_gmt":"2023-02-20T13:56:22","guid":{"rendered":"https:\/\/pmaria.es\/juegos-olimpicos\/?page_id=466"},"modified":"2026-03-04T21:20:19","modified_gmt":"2026-03-04T21:20:19","slug":"horarios","status":"publish","type":"page","link":"https:\/\/pmaria.es\/juegos-olimpicos\/horarios\/","title":{"rendered":"Horarios Juegos Ol\u00edmpicos Pureza de Mar\u00eda 2023"},"content":{"rendered":"<p>[et_pb_section fb_built=\u00bb1&#8243; admin_label=\u00bbHero\u00bb _builder_version=\u00bb4.22.2&#8243; _module_preset=\u00bbdefault\u00bb background_enable_color=\u00bboff\u00bb background_image=\u00bbhttps:\/\/pmaria.es\/juegos-olimpicos\/wp-content\/uploads\/2026\/02\/slide-juegos-olimpicos-pureza-2026.jpg\u00bb background_position=\u00bbbottom_center\u00bb background_color_tablet=\u00bbrgba(0,0,0,0.5)\u00bb background_last_edited=\u00bbon|phone\u00bb background_enable_color_tablet=\u00bbon\u00bb background_image_tablet=\u00bbhttps:\/\/pmaria.es\/juegos-olimpicos\/wp-content\/uploads\/2026\/02\/slide-juegos-olimpicos-pureza-2026.jpg\u00bb background_image_phone=\u00bbhttps:\/\/pmaria.es\/juegos-olimpicos\/wp-content\/uploads\/2026\/02\/slide-juegos-olimpicos-pureza-2026.jpg\u00bb background_enable_image_tablet=\u00bbon\u00bb background_enable_image_phone=\u00bbon\u00bb background_blend_tablet=\u00bboverlay\u00bb global_colors_info=\u00bb{}\u00bb][et_pb_row custom_padding_last_edited=\u00bbon|phone\u00bb _builder_version=\u00bb4.19.5&#8243; _module_preset=\u00bbdefault\u00bb custom_padding=\u00bb11em||11em||true|false\u00bb custom_padding_tablet=\u00bb6em||6em||true|false\u00bb custom_padding_phone=\u00bb6em||6em||true|false\u00bb global_colors_info=\u00bb{}\u00bb][et_pb_column type=\u00bb4_4&#8243; _builder_version=\u00bb4.19.5&#8243; _module_preset=\u00bbdefault\u00bb global_colors_info=\u00bb{}\u00bb][et_pb_text content_tablet=\u00bb<\/p>\n<h2>V Juegos Ol\u00edmpicos Pureza de Mar\u00eda<\/h2>\n<h1>Horarios<\/h1>\n<p>\u00bb content_phone=\u00bb<\/p>\n<h2>V Juegos Ol\u00edmpicos Pureza de Mar\u00eda<\/h2>\n<h1>Horarios<\/h1>\n<p>\u00bb content_last_edited=\u00bbon|phone\u00bb _builder_version=\u00bb4.22.2&#8243; _module_preset=\u00bb_initial\u00bb text_text_color=\u00bb#FFFFFF\u00bb header_text_color=\u00bb#FFFFFF\u00bb header_2_text_color=\u00bb#FFFFFF\u00bb text_orientation=\u00bbcenter\u00bb background_layout=\u00bbdark\u00bb global_colors_info=\u00bb{}\u00bb]<\/p>\n<h2>V Juegos Ol\u00edmpicos Pureza de Mar\u00eda<\/h2>\n<h1>Horarios<\/h1>\n<p>[\/et_pb_text][et_pb_text content_tablet=\u00bb<\/p>\n<p><strong>Del 4 al 7 de marzo de 2026. Mallorca<\/strong><\/p>\n<p>\u00bb content_phone=\u00bb<\/p>\n<p><strong>Del 4 al 7 de marzo de 2026. Mallorca<\/strong><\/p>\n<p>\u00bb content_last_edited=\u00bbon|phone\u00bb _builder_version=\u00bb4.22.2&#8243; _module_preset=\u00bbaa493a56-ca64-436d-a2d8-5d45c31bca96&#8243; text_text_color=\u00bb#FFFFFF\u00bb text_orientation=\u00bbcenter\u00bb global_colors_info=\u00bb{}\u00bb]<\/p>\n<p><strong>Del 4 al 7 de marzo de 2026. Mallorca<\/strong><\/p>\n<p>[\/et_pb_text][\/et_pb_column][\/et_pb_row][\/et_pb_section][et_pb_section fb_built=\u00bb1&#8243; admin_label=\u00bbinformaci\u00f3n detallada\u00bb _builder_version=\u00bb4.19.5&#8243; custom_padding=\u00bb100px||100px|\u00bb global_colors_info=\u00bb{}\u00bb][et_pb_row column_structure=\u00bb1_3,2_3&#8243; admin_label=\u00bbdeportes y categorias\u00bb module_id=\u00bbdeportes-categorias\u00bb _builder_version=\u00bb4.20.0&#8243; custom_padding=\u00bb40px|0px|40px|0px\u00bb global_colors_info=\u00bb{}\u00bb][et_pb_column type=\u00bb1_3&#8243; _builder_version=\u00bb4.16&#8243; custom_padding=\u00bb|||\u00bb global_colors_info=\u00bb{}\u00bb custom_padding__hover=\u00bb|||\u00bb][et_pb_text content_tablet=\u00bb<\/p>\n<h3>Aviso<\/h3>\n<p>\u00bb content_phone=\u00bb<\/p>\n<h3>Aviso<\/h3>\n<p>\u00bb content_last_edited=\u00bbon|phone\u00bb admin_label=\u00bbTitle\u00bb module_id=\u00bbaviso\u00bb _builder_version=\u00bb4.20.0&#8243; animation_direction=\u00bbleft\u00bb global_colors_info=\u00bb{}\u00bb]<\/p>\n<h3>Aviso<\/h3>\n<p>[\/et_pb_text][\/et_pb_column][et_pb_column type=\u00bb2_3&#8243; _builder_version=\u00bb4.16&#8243; custom_padding=\u00bb|||\u00bb global_colors_info=\u00bb{}\u00bb custom_padding__hover=\u00bb|||\u00bb][et_pb_text content_tablet=\u00bb<\/p>\n<p><span>El acceso a las sedes s\u00f3lo ser\u00e1 permitido con acreditaci\u00f3n que se solicit\u00f3 previamente. El AFORO ya est\u00e1 COMPLETO.<\/span><\/p>\n<p>El comit\u00e9 de estos Juegos Ol\u00edmpicos se reserva el derecho de admisi\u00f3n.<\/p>\n<p>\u00bb content_phone=\u00bb<\/p>\n<p><span>El acceso a las sedes s\u00f3lo ser\u00e1 permitido con acreditaci\u00f3n que se solicit\u00f3 previamente. El AFORO ya est\u00e1 COMPLETO.<\/span><\/p>\n<p>El comit\u00e9 de estos Juegos Ol\u00edmpicos se reserva el derecho de admisi\u00f3n.<\/p>\n<p>\u00bb content_last_edited=\u00bbon|phone\u00bb _builder_version=\u00bb4.22.2&#8243; global_colors_info=\u00bb{}\u00bb]<\/p>\n<p><span>El acceso a las sedes s\u00f3lo ser\u00e1 permitido con acreditaci\u00f3n que se solicit\u00f3 previamente. El AFORO ya est\u00e1 COMPLETO.<\/span><\/p>\n<p>El comit\u00e9 de estos Juegos Ol\u00edmpicos se reserva el derecho de admisi\u00f3n.<\/p>\n<p>[\/et_pb_text][\/et_pb_column][\/et_pb_row][et_pb_row column_structure=\u00bb1_3,2_3&#8243; admin_label=\u00bbdeportes y categorias\u00bb module_id=\u00bbdeportes-categorias\u00bb _builder_version=\u00bb4.19.5&#8243; custom_padding=\u00bb40px|0px|40px|0px\u00bb global_colors_info=\u00bb{}\u00bb][et_pb_column type=\u00bb1_3&#8243; _builder_version=\u00bb4.16&#8243; custom_padding=\u00bb|||\u00bb global_colors_info=\u00bb{}\u00bb custom_padding__hover=\u00bb|||\u00bb][et_pb_text admin_label=\u00bbTitle\u00bb module_id=\u00bbfutbol\u00bb _builder_version=\u00bb4.20.0&#8243; animation_direction=\u00bbleft\u00bb global_colors_info=\u00bb{}\u00bb]<\/p>\n<h3>F\u00fatbol<\/h3>\n<p>[\/et_pb_text][\/et_pb_column][et_pb_column type=\u00bb2_3&#8243; _builder_version=\u00bb4.16&#8243; custom_padding=\u00bb|||\u00bb global_colors_info=\u00bb{}\u00bb custom_padding__hover=\u00bb|||\u00bb][et_pb_text content_tablet=\u00bb<\/p>\n<p><a href=%22https:\/\/pmaria.es\/juegos-olimpicos\/horarios-futbol-sala-alevin-jjoo-pureza-de-maria-2026\/%22>F\u00fatbol sala alev\u00edn<\/a><br \/><a href=%22https:\/\/pmaria.es\/juegos-olimpicos\/horarios-futbol-7-infantil-jjoo-pureza-de-maria-2026\/%22>F\u00fatbol 7 infantil<\/a><br \/><a href=%22https:\/\/pmaria.es\/juegos-olimpicos\/horarios-futbol-7-cadete-jjoo-pureza-de-maria-2026\/%22>F\u00fatbol 7 cadete<\/a><\/p>\n<p>\u00bb content_phone=\u00bb<\/p>\n<p><a href=%22https:\/\/pmaria.es\/juegos-olimpicos\/horarios-futbol-sala-alevin-jjoo-pureza-de-maria-2026\/%22>F\u00fatbol sala alev\u00edn<\/a><br \/><a href=%22https:\/\/pmaria.es\/juegos-olimpicos\/horarios-futbol-7-infantil-jjoo-pureza-de-maria-2026\/%22>F\u00fatbol 7 infantil<\/a><br \/><a href=%22https:\/\/pmaria.es\/juegos-olimpicos\/horarios-futbol-7-cadete-jjoo-pureza-de-maria-2026\/%22>F\u00fatbol 7 cadete<\/a><\/p>\n<p>\u00bb content_last_edited=\u00bbon|phone\u00bb _builder_version=\u00bb4.22.2&#8243; global_colors_info=\u00bb{}\u00bb]<\/p>\n<p><a href=\"https:\/\/pmaria.es\/juegos-olimpicos\/horarios-futbol-sala-alevin-jjoo-pureza-de-maria-2026\/\">F\u00fatbol sala alev\u00edn<\/a><br \/><a href=\"https:\/\/pmaria.es\/juegos-olimpicos\/horarios-futbol-7-infantil-jjoo-pureza-de-maria-2026\/\">F\u00fatbol 7 infantil<\/a><br \/><a href=\"https:\/\/pmaria.es\/juegos-olimpicos\/horarios-futbol-7-cadete-jjoo-pureza-de-maria-2026\/\">F\u00fatbol 7 cadete<\/a><\/p>\n<p>[\/et_pb_text][\/et_pb_column][\/et_pb_row][et_pb_row column_structure=\u00bb1_3,2_3&#8243; admin_label=\u00bbdeportes y categorias\u00bb module_id=\u00bbdeportes-categorias\u00bb _builder_version=\u00bb4.19.5&#8243; custom_padding=\u00bb40px|0px|40px|0px\u00bb global_colors_info=\u00bb{}\u00bb][et_pb_column type=\u00bb1_3&#8243; _builder_version=\u00bb4.16&#8243; custom_padding=\u00bb|||\u00bb global_colors_info=\u00bb{}\u00bb custom_padding__hover=\u00bb|||\u00bb][et_pb_text admin_label=\u00bbTitle\u00bb module_id=\u00bbvoleibol\u00bb _builder_version=\u00bb4.20.0&#8243; animation_direction=\u00bbleft\u00bb global_colors_info=\u00bb{}\u00bb]<\/p>\n<h3>Voleibol<\/h3>\n<p>[\/et_pb_text][\/et_pb_column][et_pb_column type=\u00bb2_3&#8243; _builder_version=\u00bb4.16&#8243; custom_padding=\u00bb|||\u00bb global_colors_info=\u00bb{}\u00bb custom_padding__hover=\u00bb|||\u00bb][et_pb_text content_tablet=\u00bb<\/p>\n<p><a href=%22https:\/\/pmaria.es\/juegos-olimpicos\/horarios-voleibol-alevin-jjoo-pureza-de-maria-2026\/%22>Voleibol alev\u00edn<\/a><br \/><a href=%22https:\/\/pmaria.es\/juegos-olimpicos\/horarios-voleibol-infantil-jjoo-pureza-de-maria-2026\/%22>Voleibol infantil<\/a><br \/><a href=%22https:\/\/pmaria.es\/juegos-olimpicos\/horarios-voleibol-cadete-jjoo-pureza-de-maria-2026\/%22>Voleibol cadete<\/a><\/p>\n<p>\u00bb content_phone=\u00bb<\/p>\n<p><a href=%22https:\/\/pmaria.es\/juegos-olimpicos\/horarios-voleibol-alevin-jjoo-pureza-de-maria-2026\/%22>Voleibol alev\u00edn<\/a><br \/><a href=%22https:\/\/pmaria.es\/juegos-olimpicos\/horarios-voleibol-infantil-jjoo-pureza-de-maria-2026\/%22>Voleibol infantil<\/a><br \/><a href=%22https:\/\/pmaria.es\/juegos-olimpicos\/horarios-voleibol-cadete-jjoo-pureza-de-maria-2026\/%22>Voleibol cadete<\/a><\/p>\n<p>\u00bb content_last_edited=\u00bbon|phone\u00bb _builder_version=\u00bb4.22.2&#8243; global_colors_info=\u00bb{}\u00bb]<\/p>\n<p><a href=\"https:\/\/pmaria.es\/juegos-olimpicos\/horarios-voleibol-alevin-jjoo-pureza-de-maria-2026\/\">Voleibol alev\u00edn<\/a><br \/><a href=\"https:\/\/pmaria.es\/juegos-olimpicos\/horarios-voleibol-infantil-jjoo-pureza-de-maria-2026\/\">Voleibol infantil<\/a><br \/><a href=\"https:\/\/pmaria.es\/juegos-olimpicos\/horarios-voleibol-cadete-jjoo-pureza-de-maria-2026\/\">Voleibol cadete<\/a><\/p>\n<p>[\/et_pb_text][\/et_pb_column][\/et_pb_row][et_pb_row column_structure=\u00bb1_3,2_3&#8243; admin_label=\u00bbdeportes y categorias\u00bb module_id=\u00bbdeportes-categorias\u00bb _builder_version=\u00bb4.19.5&#8243; custom_padding=\u00bb40px|0px|40px|0px\u00bb global_colors_info=\u00bb{}\u00bb][et_pb_column type=\u00bb1_3&#8243; _builder_version=\u00bb4.16&#8243; custom_padding=\u00bb|||\u00bb global_colors_info=\u00bb{}\u00bb custom_padding__hover=\u00bb|||\u00bb][et_pb_text content_tablet=\u00bb<\/p>\n<h3>Baloncesto<\/h3>\n<p>\u00bb content_phone=\u00bb<\/p>\n<h3>Baloncesto<\/h3>\n<p>\u00bb content_last_edited=\u00bbon|phone\u00bb admin_label=\u00bbTitle\u00bb module_id=\u00bbbaloncesto\u00bb _builder_version=\u00bb4.20.0&#8243; animation_direction=\u00bbleft\u00bb global_colors_info=\u00bb{}\u00bb]<\/p>\n<h3>Baloncesto<\/h3>\n<p>[\/et_pb_text][\/et_pb_column][et_pb_column type=\u00bb2_3&#8243; _builder_version=\u00bb4.16&#8243; custom_padding=\u00bb|||\u00bb global_colors_info=\u00bb{}\u00bb custom_padding__hover=\u00bb|||\u00bb][et_pb_text content_tablet=\u00bb<\/p>\n<p><strong>Masculino<br \/><\/strong><a href=%22https:\/\/pmaria.es\/juegos-olimpicos\/horarios-baloncesto-alevin-jjoo-pureza-de-maria-2026\/#1\/%22>Baloncesto alev\u00edn masculino<\/a><br \/><a href=%22https:\/\/pmaria.es\/juegos-olimpicos\/horarios-baloncesto-infantil-jjoo-pureza-de-maria-2026\/#1\/%22>Baloncesto infantil masculino<\/a><br \/><a href=%22https:\/\/pmaria.es\/juegos-olimpicos\/horarios-baloncesto-cadete-jjoo-pureza-de-maria-2026\/#1\/%22>Baloncesto cadete masculino<\/a><\/p>\n<p><strong>Femenino<br \/><\/strong><a href=%22https:\/\/pmaria.es\/juegos-olimpicos\/horarios-baloncesto-alevin\/#femenino%22><\/a><a href=%22https:\/\/pmaria.es\/juegos-olimpicos\/horarios-baloncesto-alevin-jjoo-pureza-de-maria-2026\/#2\/%22>Baloncesto alev\u00edn femenino<\/a><br \/><a href=%22https:\/\/pmaria.es\/juegos-olimpicos\/horarios-baloncesto-infantil-jjoo-pureza-de-maria-2026\/#2\/%22>Baloncesto infantil femenino<\/a><br \/><a href=%22https:\/\/pmaria.es\/juegos-olimpicos\/horarios-baloncesto-cadete-jjoo-pureza-de-maria-2026\/#2\/%22>Baloncesto cadete femenino<\/a><\/p>\n<p>\u00bb content_phone=\u00bb<\/p>\n<p><strong>Masculino<br \/><\/strong><a href=%22https:\/\/pmaria.es\/juegos-olimpicos\/horarios-baloncesto-alevin-jjoo-pureza-de-maria-2026\/#1\/%22>Baloncesto alev\u00edn masculino<\/a><br \/><a href=%22https:\/\/pmaria.es\/juegos-olimpicos\/horarios-baloncesto-infantil-jjoo-pureza-de-maria-2026\/#1\/%22>Baloncesto infantil masculino<\/a><br \/><a href=%22https:\/\/pmaria.es\/juegos-olimpicos\/horarios-baloncesto-cadete-jjoo-pureza-de-maria-2026\/#1\/%22>Baloncesto cadete masculino<\/a><\/p>\n<p><strong>Femenino<br \/><\/strong><a href=%22https:\/\/pmaria.es\/juegos-olimpicos\/horarios-baloncesto-alevin\/#femenino%22><\/a><a href=%22https:\/\/pmaria.es\/juegos-olimpicos\/horarios-baloncesto-alevin-jjoo-pureza-de-maria-2026\/#2\/%22>Baloncesto alev\u00edn femenino<\/a><br \/><a href=%22https:\/\/pmaria.es\/juegos-olimpicos\/horarios-baloncesto-infantil-jjoo-pureza-de-maria-2026\/#2\/%22>Baloncesto infantil femenino<\/a><br \/><a href=%22https:\/\/pmaria.es\/juegos-olimpicos\/horarios-baloncesto-cadete-jjoo-pureza-de-maria-2026\/#2\/%22>Baloncesto cadete femenino<\/a><\/p>\n<p>\u00bb content_last_edited=\u00bbon|phone\u00bb _builder_version=\u00bb4.22.2&#8243; global_colors_info=\u00bb{}\u00bb]<\/p>\n<p><strong>Masculino<br \/><\/strong><a href=\"https:\/\/pmaria.es\/juegos-olimpicos\/horarios-baloncesto-alevin-jjoo-pureza-de-maria-2026\/#1\/\">Baloncesto alev\u00edn masculino<\/a><br \/><a href=\"https:\/\/pmaria.es\/juegos-olimpicos\/horarios-baloncesto-infantil-jjoo-pureza-de-maria-2026\/#1\/\">Baloncesto infantil masculino<\/a><br \/><a href=\"https:\/\/pmaria.es\/juegos-olimpicos\/horarios-baloncesto-cadete-jjoo-pureza-de-maria-2026\/#1\/\">Baloncesto cadete masculino<\/a><\/p>\n<p><strong>Femenino<br \/><\/strong><a href=\"https:\/\/pmaria.es\/juegos-olimpicos\/horarios-baloncesto-alevin\/#femenino\"><\/a><a href=\"https:\/\/pmaria.es\/juegos-olimpicos\/horarios-baloncesto-alevin-jjoo-pureza-de-maria-2026\/#2\/\">Baloncesto alev\u00edn femenino<\/a><br \/><a href=\"https:\/\/pmaria.es\/juegos-olimpicos\/horarios-baloncesto-infantil-jjoo-pureza-de-maria-2026\/#2\/\">Baloncesto infantil femenino<\/a><br \/><a href=\"https:\/\/pmaria.es\/juegos-olimpicos\/horarios-baloncesto-cadete-jjoo-pureza-de-maria-2026\/#2\/\">Baloncesto cadete femenino<\/a><\/p>\n<p>[\/et_pb_text][\/et_pb_column][\/et_pb_row][et_pb_row column_structure=\u00bb1_3,2_3&#8243; admin_label=\u00bbdeportes y categorias\u00bb module_id=\u00bbdeportes-categorias\u00bb _builder_version=\u00bb4.19.5&#8243; custom_padding=\u00bb40px|0px|40px|0px\u00bb global_colors_info=\u00bb{}\u00bb][et_pb_column type=\u00bb1_3&#8243; _builder_version=\u00bb4.16&#8243; custom_padding=\u00bb|||\u00bb global_colors_info=\u00bb{}\u00bb custom_padding__hover=\u00bb|||\u00bb][et_pb_text content_tablet=\u00bb<\/p>\n<h3>Atletismo<\/h3>\n<p>\u00bb content_phone=\u00bb<\/p>\n<h3>Atletismo<\/h3>\n<p>\u00bb content_last_edited=\u00bbon|phone\u00bb admin_label=\u00bbTitle\u00bb module_id=\u00bbatletismo\u00bb _builder_version=\u00bb4.20.0&#8243; animation_direction=\u00bbleft\u00bb global_colors_info=\u00bb{}\u00bb]<\/p>\n<h3>Atletismo<\/h3>\n<p>[\/et_pb_text][\/et_pb_column][et_pb_column type=\u00bb2_3&#8243; _builder_version=\u00bb4.16&#8243; custom_padding=\u00bb|||\u00bb global_colors_info=\u00bb{}\u00bb custom_padding__hover=\u00bb|||\u00bb][et_pb_text content_tablet=\u00bb<\/p>\n<p><a href=%22https:\/\/pmaria.es\/juegos-olimpicos\/horarios-atletismo-jjoo-pureza-de-maria-2026\/%22>Horarios atletismo<\/a><\/p>\n<p>\u00bb content_phone=\u00bb<\/p>\n<p><a href=%22https:\/\/pmaria.es\/juegos-olimpicos\/horarios-atletismo-jjoo-pureza-de-maria-2026\/%22>Horarios atletismo<\/a><\/p>\n<p>\u00bb content_last_edited=\u00bbon|phone\u00bb _builder_version=\u00bb4.22.2&#8243; global_colors_info=\u00bb{}\u00bb]<\/p>\n<p><a href=\"https:\/\/pmaria.es\/juegos-olimpicos\/horarios-atletismo-jjoo-pureza-de-maria-2026\/\">Horarios atletismo<\/a><\/p>\n<p>[\/et_pb_text][\/et_pb_column][\/et_pb_row][et_pb_row column_structure=\u00bb1_3,2_3&#8243; admin_label=\u00bbdeportes y categorias\u00bb module_id=\u00bbdeportes-categorias\u00bb _builder_version=\u00bb4.19.5&#8243; custom_padding=\u00bb40px|0px|40px|0px\u00bb global_colors_info=\u00bb{}\u00bb][et_pb_column type=\u00bb1_3&#8243; _builder_version=\u00bb4.16&#8243; custom_padding=\u00bb|||\u00bb global_colors_info=\u00bb{}\u00bb custom_padding__hover=\u00bb|||\u00bb][et_pb_text content_tablet=\u00bb<\/p>\n<h3>Nataci\u00f3n<\/h3>\n<p>\u00bb content_phone=\u00bb<\/p>\n<h3>Nataci\u00f3n<\/h3>\n<p>\u00bb content_last_edited=\u00bbon|phone\u00bb admin_label=\u00bbTitle\u00bb module_id=\u00bbnatacion\u00bb _builder_version=\u00bb4.20.0&#8243; animation_direction=\u00bbleft\u00bb global_colors_info=\u00bb{}\u00bb]<\/p>\n<h3>Nataci\u00f3n<\/h3>\n<p>[\/et_pb_text][\/et_pb_column][et_pb_column type=\u00bb2_3&#8243; _builder_version=\u00bb4.16&#8243; custom_padding=\u00bb|||\u00bb global_colors_info=\u00bb{}\u00bb custom_padding__hover=\u00bb|||\u00bb][et_pb_text content_tablet=\u00bb<\/p>\n<p><a href=%22https:\/\/pmaria.es\/juegos-olimpicos\/horarios-natacion-jjoo-pureza-de-maria-2026\/%22>Horarios nataci\u00f3n<\/a><\/p>\n<p>\u00bb content_phone=\u00bb<\/p>\n<p><a href=%22https:\/\/pmaria.es\/juegos-olimpicos\/horarios-natacion-jjoo-pureza-de-maria-2026\/%22>Horarios nataci\u00f3n<\/a><\/p>\n<p>\u00bb content_last_edited=\u00bbon|phone\u00bb _builder_version=\u00bb4.22.2&#8243; global_colors_info=\u00bb{}\u00bb]<\/p>\n<p><a href=\"https:\/\/pmaria.es\/juegos-olimpicos\/horarios-natacion-jjoo-pureza-de-maria-2026\/\">Horarios nataci\u00f3n<\/a><\/p>\n<p>[\/et_pb_text][\/et_pb_column][\/et_pb_row][\/et_pb_section]<\/p>\n","protected":false},"excerpt":{"rendered":"<p>Acceso a los horarios de las competiciones de f\u00fatbol, voleibol, baloncesto, atletismo y nataci\u00f3n de los IV JJOO Pureza de Mar\u00eda<\/p>\n","protected":false},"author":1,"featured_media":0,"parent":0,"menu_order":0,"comment_status":"closed","ping_status":"closed","template":"","meta":{"_et_pb_use_builder":"on","_et_pb_old_content":"","_et_gb_content_width":"","inline_featured_image":false,"footnotes":""},"class_list":["post-466","page","type-page","status-publish","hentry"],"yoast_head":"<!-- This site is optimized with the Yoast SEO plugin v20.1 - https:\/\/yoast.com\/wordpress\/plugins\/seo\/ -->\n<title>Horarios competiciones Juegos Ol\u00edmpicos Pureza de Mar\u00eda<\/title>\n<meta name=\"description\" content=\"Horarios de las competiciones de f\u00fatbol, voleibol, baloncesto, atletismo y nataci\u00f3n de los IV Juegos Ol\u00edmpicos Pureza de Mar\u00eda en Sant Cugat.\" \/>\n<meta name=\"robots\" content=\"index, follow, max-snippet:-1, max-image-preview:large, max-video-preview:-1\" \/>\n<link rel=\"canonical\" href=\"https:\/\/pmaria.es\/juegos-olimpicos\/horarios\/\" \/>\n<meta property=\"og:locale\" content=\"es_ES\" \/>\n<meta property=\"og:type\" content=\"article\" \/>\n<meta property=\"og:title\" content=\"Horarios competiciones Juegos Ol\u00edmpicos Pureza de Mar\u00eda\" \/>\n<meta property=\"og:description\" content=\"Horarios de las competiciones de f\u00fatbol, voleibol, baloncesto, atletismo y nataci\u00f3n de los IV Juegos Ol\u00edmpicos Pureza de Mar\u00eda en Sant Cugat.\" \/>\n<meta property=\"og:url\" content=\"https:\/\/pmaria.es\/juegos-olimpicos\/horarios\/\" \/>\n<meta property=\"og:site_name\" content=\"Olimpiadas Pureza de Mar\u00eda\" \/>\n<meta property=\"article:modified_time\" content=\"2026-03-04T21:20:19+00:00\" \/>\n<meta name=\"twitter:card\" content=\"summary_large_image\" \/>\n<meta name=\"twitter:label1\" content=\"Tiempo de lectura\" \/>\n\t<meta name=\"twitter:data1\" content=\"1 minuto\" \/>\n<script type=\"application\/ld+json\" class=\"yoast-schema-graph\">{\"@context\":\"https:\/\/schema.org\",\"@graph\":[{\"@type\":\"WebPage\",\"@id\":\"https:\/\/pmaria.es\/juegos-olimpicos\/horarios\/\",\"url\":\"https:\/\/pmaria.es\/juegos-olimpicos\/horarios\/\",\"name\":\"Horarios competiciones Juegos Ol\u00edmpicos Pureza de Mar\u00eda\",\"isPartOf\":{\"@id\":\"https:\/\/pmaria.es\/juegos-olimpicos\/#website\"},\"datePublished\":\"2023-02-20T13:56:22+00:00\",\"dateModified\":\"2026-03-04T21:20:19+00:00\",\"description\":\"Horarios de las competiciones de f\u00fatbol, voleibol, baloncesto, atletismo y nataci\u00f3n de los IV Juegos Ol\u00edmpicos Pureza de Mar\u00eda en Sant Cugat.\",\"breadcrumb\":{\"@id\":\"https:\/\/pmaria.es\/juegos-olimpicos\/horarios\/#breadcrumb\"},\"inLanguage\":\"es\",\"potentialAction\":[{\"@type\":\"ReadAction\",\"target\":[\"https:\/\/pmaria.es\/juegos-olimpicos\/horarios\/\"]}]},{\"@type\":\"BreadcrumbList\",\"@id\":\"https:\/\/pmaria.es\/juegos-olimpicos\/horarios\/#breadcrumb\",\"itemListElement\":[{\"@type\":\"ListItem\",\"position\":1,\"name\":\"Portada\",\"item\":\"https:\/\/pmaria.es\/juegos-olimpicos\/\"},{\"@type\":\"ListItem\",\"position\":2,\"name\":\"Horarios Juegos Ol\u00edmpicos Pureza de Mar\u00eda 2023\"}]},{\"@type\":\"WebSite\",\"@id\":\"https:\/\/pmaria.es\/juegos-olimpicos\/#website\",\"url\":\"https:\/\/pmaria.es\/juegos-olimpicos\/\",\"name\":\"Juegos Ol\u00edmpicos Pureza de Mar\u00eda\",\"description\":\"\",\"publisher\":{\"@id\":\"https:\/\/pmaria.es\/juegos-olimpicos\/#organization\"},\"potentialAction\":[{\"@type\":\"SearchAction\",\"target\":{\"@type\":\"EntryPoint\",\"urlTemplate\":\"https:\/\/pmaria.es\/juegos-olimpicos\/?s={search_term_string}\"},\"query-input\":\"required name=search_term_string\"}],\"inLanguage\":\"es\"},{\"@type\":\"Organization\",\"@id\":\"https:\/\/pmaria.es\/juegos-olimpicos\/#organization\",\"name\":\"Juegos Ol\u00edmpicos Pureza de Mar\u00eda\",\"url\":\"https:\/\/pmaria.es\/juegos-olimpicos\/\",\"logo\":{\"@type\":\"ImageObject\",\"inLanguage\":\"es\",\"@id\":\"https:\/\/pmaria.es\/juegos-olimpicos\/#\/schema\/logo\/image\/\",\"url\":\"https:\/\/pmaria.es\/juegos-olimpicos\/wp-content\/uploads\/2023\/02\/LOGO-JJOO-2023.svg\",\"contentUrl\":\"https:\/\/pmaria.es\/juegos-olimpicos\/wp-content\/uploads\/2023\/02\/LOGO-JJOO-2023.svg\",\"width\":328,\"height\":464,\"caption\":\"Juegos Ol\u00edmpicos Pureza de Mar\u00eda\"},\"image\":{\"@id\":\"https:\/\/pmaria.es\/juegos-olimpicos\/#\/schema\/logo\/image\/\"}}]}<\/script>\n<!-- \/ Yoast SEO plugin. -->","yoast_head_json":{"title":"Horarios competiciones Juegos Ol\u00edmpicos Pureza de Mar\u00eda","description":"Horarios de las competiciones de f\u00fatbol, voleibol, baloncesto, atletismo y nataci\u00f3n de los IV Juegos Ol\u00edmpicos Pureza de Mar\u00eda en Sant Cugat.","robots":{"index":"index","follow":"follow","max-snippet":"max-snippet:-1","max-image-preview":"max-image-preview:large","max-video-preview":"max-video-preview:-1"},"canonical":"https:\/\/pmaria.es\/juegos-olimpicos\/horarios\/","og_locale":"es_ES","og_type":"article","og_title":"Horarios competiciones Juegos Ol\u00edmpicos Pureza de Mar\u00eda","og_description":"Horarios de las competiciones de f\u00fatbol, voleibol, baloncesto, atletismo y nataci\u00f3n de los IV Juegos Ol\u00edmpicos Pureza de Mar\u00eda en Sant Cugat.","og_url":"https:\/\/pmaria.es\/juegos-olimpicos\/horarios\/","og_site_name":"Olimpiadas Pureza de Mar\u00eda","article_modified_time":"2026-03-04T21:20:19+00:00","twitter_card":"summary_large_image","twitter_misc":{"Tiempo de lectura":"1 minuto"},"schema":{"@context":"https:\/\/schema.org","@graph":[{"@type":"WebPage","@id":"https:\/\/pmaria.es\/juegos-olimpicos\/horarios\/","url":"https:\/\/pmaria.es\/juegos-olimpicos\/horarios\/","name":"Horarios competiciones Juegos Ol\u00edmpicos Pureza de Mar\u00eda","isPartOf":{"@id":"https:\/\/pmaria.es\/juegos-olimpicos\/#website"},"datePublished":"2023-02-20T13:56:22+00:00","dateModified":"2026-03-04T21:20:19+00:00","description":"Horarios de las competiciones de f\u00fatbol, voleibol, baloncesto, atletismo y nataci\u00f3n de los IV Juegos Ol\u00edmpicos Pureza de Mar\u00eda en Sant Cugat.","breadcrumb":{"@id":"https:\/\/pmaria.es\/juegos-olimpicos\/horarios\/#breadcrumb"},"inLanguage":"es","potentialAction":[{"@type":"ReadAction","target":["https:\/\/pmaria.es\/juegos-olimpicos\/horarios\/"]}]},{"@type":"BreadcrumbList","@id":"https:\/\/pmaria.es\/juegos-olimpicos\/horarios\/#breadcrumb","itemListElement":[{"@type":"ListItem","position":1,"name":"Portada","item":"https:\/\/pmaria.es\/juegos-olimpicos\/"},{"@type":"ListItem","position":2,"name":"Horarios Juegos Ol\u00edmpicos Pureza de Mar\u00eda 2023"}]},{"@type":"WebSite","@id":"https:\/\/pmaria.es\/juegos-olimpicos\/#website","url":"https:\/\/pmaria.es\/juegos-olimpicos\/","name":"Juegos Ol\u00edmpicos Pureza de Mar\u00eda","description":"","publisher":{"@id":"https:\/\/pmaria.es\/juegos-olimpicos\/#organization"},"potentialAction":[{"@type":"SearchAction","target":{"@type":"EntryPoint","urlTemplate":"https:\/\/pmaria.es\/juegos-olimpicos\/?s={search_term_string}"},"query-input":"required name=search_term_string"}],"inLanguage":"es"},{"@type":"Organization","@id":"https:\/\/pmaria.es\/juegos-olimpicos\/#organization","name":"Juegos Ol\u00edmpicos Pureza de Mar\u00eda","url":"https:\/\/pmaria.es\/juegos-olimpicos\/","logo":{"@type":"ImageObject","inLanguage":"es","@id":"https:\/\/pmaria.es\/juegos-olimpicos\/#\/schema\/logo\/image\/","url":"https:\/\/pmaria.es\/juegos-olimpicos\/wp-content\/uploads\/2023\/02\/LOGO-JJOO-2023.svg","contentUrl":"https:\/\/pmaria.es\/juegos-olimpicos\/wp-content\/uploads\/2023\/02\/LOGO-JJOO-2023.svg","width":328,"height":464,"caption":"Juegos Ol\u00edmpicos Pureza de Mar\u00eda"},"image":{"@id":"https:\/\/pmaria.es\/juegos-olimpicos\/#\/schema\/logo\/image\/"}}]}},"_links":{"self":[{"href":"https:\/\/pmaria.es\/juegos-olimpicos\/wp-json\/wp\/v2\/pages\/466","targetHints":{"allow":["GET"]}}],"collection":[{"href":"https:\/\/pmaria.es\/juegos-olimpicos\/wp-json\/wp\/v2\/pages"}],"about":[{"href":"https:\/\/pmaria.es\/juegos-olimpicos\/wp-json\/wp\/v2\/types\/page"}],"author":[{"embeddable":true,"href":"https:\/\/pmaria.es\/juegos-olimpicos\/wp-json\/wp\/v2\/users\/1"}],"replies":[{"embeddable":true,"href":"https:\/\/pmaria.es\/juegos-olimpicos\/wp-json\/wp\/v2\/comments?post=466"}],"version-history":[{"count":33,"href":"https:\/\/pmaria.es\/juegos-olimpicos\/wp-json\/wp\/v2\/pages\/466\/revisions"}],"predecessor-version":[{"id":4208,"href":"https:\/\/pmaria.es\/juegos-olimpicos\/wp-json\/wp\/v2\/pages\/466\/revisions\/4208"}],"wp:attachment":[{"href":"https:\/\/pmaria.es\/juegos-olimpicos\/wp-json\/wp\/v2\/media?parent=466"}],"curies":[{"name":"wp","href":"https:\/\/api.w.org\/{rel}","templated":true}]}}