{"id":558,"date":"2023-02-21T09:22:04","date_gmt":"2023-02-21T09:22:04","guid":{"rendered":"https:\/\/pmaria.es\/juegos-olimpicos\/?page_id=558"},"modified":"2023-02-24T15:22:49","modified_gmt":"2023-02-24T15:22:49","slug":"horarios-baloncesto-cadete","status":"publish","type":"page","link":"https:\/\/pmaria.es\/juegos-olimpicos\/horarios-baloncesto-cadete\/","title":{"rendered":"Horarios Baloncesto Cadete JJOO Pureza de Mar\u00eda 2023"},"content":{"rendered":"<p>[et_pb_section fb_built=\u00bb1&#8243; admin_label=\u00bbHero\u00bb _builder_version=\u00bb4.19.5&#8243; _module_preset=\u00bbdefault\u00bb background_enable_color=\u00bboff\u00bb background_image=\u00bbhttps:\/\/pmaria.es\/juegos-olimpicos\/wp-content\/uploads\/2023\/02\/hero-section-olimpiadas-v2-1.jpg\u00bb background_position=\u00bbbottom_center\u00bb background_color_tablet=\u00bbrgba(0,0,0,0.5)\u00bb background_last_edited=\u00bbon|phone\u00bb background_enable_color_tablet=\u00bbon\u00bb background_image_tablet=\u00bbhttps:\/\/pmaria.es\/juegos-olimpicos\/wp-content\/uploads\/2023\/02\/hero-tablet-background-min.jpg\u00bb background_image_phone=\u00bbhttps:\/\/pmaria.es\/juegos-olimpicos\/wp-content\/uploads\/2023\/02\/hero-mobile-background-min.jpg\u00bb background_enable_image_tablet=\u00bbon\u00bb background_enable_image_phone=\u00bbon\u00bb background_blend_tablet=\u00bboverlay\u00bb global_colors_info=\u00bb{}\u00bb][et_pb_row custom_padding_last_edited=\u00bbon|phone\u00bb _builder_version=\u00bb4.19.5&#8243; _module_preset=\u00bbdefault\u00bb custom_padding=\u00bb11em||11em||true|false\u00bb custom_padding_tablet=\u00bb6em||6em||true|false\u00bb custom_padding_phone=\u00bb6em||6em||true|false\u00bb global_colors_info=\u00bb{}\u00bb][et_pb_column type=\u00bb4_4&#8243; _builder_version=\u00bb4.19.5&#8243; _module_preset=\u00bbdefault\u00bb global_colors_info=\u00bb{}\u00bb][et_pb_text _builder_version=\u00bb4.20.0&#8243; _module_preset=\u00bb_initial\u00bb text_text_color=\u00bb#FFFFFF\u00bb header_text_color=\u00bb#FFFFFF\u00bb header_2_text_color=\u00bb#FFFFFF\u00bb text_orientation=\u00bbcenter\u00bb background_layout=\u00bbdark\u00bb global_colors_info=\u00bb{}\u00bb]<\/p>\n<h2>IV Juegos Ol\u00edmpicos Pureza de Mar\u00eda<\/h2>\n<h1>Horarios Baloncesto Cadete<\/h1>\n<p>[\/et_pb_text][et_pb_text content_tablet=\u00bb<\/p>\n<p>Del 2 al 5 de marzo de 2023. Sant Cugat<\/p>\n<p>\u00bb content_phone=\u00bb<\/p>\n<p>Del 2 al 5 de marzo de 2023. Sant Cugat<\/p>\n<p>\u00bb content_last_edited=\u00bbon|phone\u00bb _builder_version=\u00bb4.19.5&#8243; _module_preset=\u00bbaa493a56-ca64-436d-a2d8-5d45c31bca96&#8243; text_text_color=\u00bb#FFFFFF\u00bb text_orientation=\u00bbcenter\u00bb global_colors_info=\u00bb{}\u00bb]<\/p>\n<p>Del 2 al 5 de marzo de 2023. Sant Cugat<\/p>\n<p>[\/et_pb_text][\/et_pb_column][\/et_pb_row][\/et_pb_section][et_pb_section fb_built=\u00bb1&#8243; admin_label=\u00bbinformaci\u00f3n detallada\u00bb _builder_version=\u00bb4.19.5&#8243; custom_padding=\u00bb100px||100px|\u00bb global_colors_info=\u00bb{}\u00bb][et_pb_row column_structure=\u00bb1_3,2_3&#8243; admin_label=\u00bbcolegios participantes\u00bb module_id=\u00bbmasculino\u00bb _builder_version=\u00bb4.20.0&#8243; custom_padding=\u00bb40px|0px|40px|0px\u00bb global_colors_info=\u00bb{}\u00bb][et_pb_column type=\u00bb1_3&#8243; _builder_version=\u00bb4.16&#8243; custom_padding=\u00bb|||\u00bb global_colors_info=\u00bb{}\u00bb custom_padding__hover=\u00bb|||\u00bb][et_pb_text content_tablet=\u00bb<\/p>\n<h3>Calendario de partidos baloncesto cadete masculino<\/h3>\n<p>\u00bb content_phone=\u00bb<\/p>\n<h3>Calendario de partidos baloncesto cadete masculino<\/h3>\n<p>\u00bb content_last_edited=\u00bbon|phone\u00bb admin_label=\u00bbTitle\u00bb _builder_version=\u00bb4.20.0&#8243; animation_direction=\u00bbleft\u00bb hover_enabled=\u00bb0&#8243; global_colors_info=\u00bb{}\u00bb sticky_enabled=\u00bb0&#8243;]<\/p>\n<h3>Calendario de partidos baloncesto cadete masculino<\/h3>\n<p>[\/et_pb_text][\/et_pb_column][et_pb_column type=\u00bb2_3&#8243; _builder_version=\u00bb4.16&#8243; custom_padding=\u00bb|||\u00bb global_colors_info=\u00bb{}\u00bb custom_padding__hover=\u00bb|||\u00bb][et_pb_text _builder_version=\u00bb4.20.0&#8243; _module_preset=\u00bbdefault\u00bb global_colors_info=\u00bb{}\u00bb]<\/p>\n<p><strong>VIERNES, 3 MARZO<\/strong><br \/><strong>D\u00f3nde:<\/strong> <a href=\"https:\/\/goo.gl\/maps\/sahd8gA5Aoz7GBat9\"><span>Agora Sant Cugat International School (Campo 4)<\/span><\/a><br \/><strong>Aviso:<\/strong><span>\u00a0l<\/span><span>os horarios son aproximados. Los partidos comenzar\u00e1n en cuanto termine el anterior<\/span><\/p>\n<p>[\/et_pb_text][et_pb_code _builder_version=\u00bb4.20.0&#8243; _module_preset=\u00bbdefault\u00bb global_colors_info=\u00bb{}\u00bb]\n<table id=\"tablepress-37\" class=\"tablepress tablepress-id-37\">\n<thead>\n<tr class=\"row-1 odd\">\n\t<th class=\"column-1\">HORA<\/th><th class=\"column-2\">PARTIDO<\/th>\n<\/tr>\n<\/thead>\n<tbody>\n<tr class=\"row-2 even\">\n\t<td class=\"column-1\">9:10<\/td><td class=\"column-2\">Inca\/Madre Alberta - Granada<\/td>\n<\/tr>\n<tr class=\"row-3 odd\">\n\t<td class=\"column-1\">9:55<\/td><td class=\"column-2\">Madrid 2 - Sant Cugat<\/td>\n<\/tr>\n<tr class=\"row-4 even\">\n\t<td class=\"column-1\">10:40<\/td><td class=\"column-2\">Los Realejos - Madrid1\/Bilbao\/La Cuesta<\/td>\n<\/tr>\n<tr class=\"row-5 odd\">\n\t<td class=\"column-1\">11:25<\/td><td class=\"column-2\">Sant Cugat - Santa Cruz<\/td>\n<\/tr>\n<tr class=\"row-6 even\">\n\t<td class=\"column-1\">12:10<\/td><td class=\"column-2\">Granada - Los Realejos<\/td>\n<\/tr>\n<tr class=\"row-7 odd\">\n\t<td class=\"column-1\">12:55<\/td><td class=\"column-2\">Madrid 1\/Bilbao\/La Cuesta - Inca\/Madre Alberta<\/td>\n<\/tr>\n<tr class=\"row-8 even\">\n\t<td class=\"column-1\">13:40<\/td><td class=\"column-2\">Santa Cruz - Madrid 2<\/td>\n<\/tr>\n<\/tbody>\n<\/table>\n[\/et_pb_code][et_pb_text _builder_version=\u00bb4.20.0&#8243; _module_preset=\u00bbdefault\u00bb global_colors_info=\u00bb{}\u00bb]<\/p>\n<p><strong>S\u00c1BADO, 4 MARZO<\/strong><br \/><strong>D\u00f3nde:<\/strong> <a href=\"https:\/\/goo.gl\/maps\/sahd8gA5Aoz7GBat9\"><span>Agora Sant Cugat International School (Campo 4)<\/span><\/a><br \/><strong>Aviso:<\/strong><span>\u00a0l<\/span><span>os horarios son aproximados. Los partidos comenzar\u00e1n en cuanto termine el anterior<\/span><\/p>\n<p>[\/et_pb_text][et_pb_code _builder_version=\u00bb4.20.0&#8243; _module_preset=\u00bbdefault\u00bb global_colors_info=\u00bb{}\u00bb]\n<table id=\"tablepress-38\" class=\"tablepress tablepress-id-38\">\n<thead>\n<tr class=\"row-1 odd\">\n\t<th class=\"column-1\">HORA<\/th><th class=\"column-2\">PARTIDO<\/th>\n<\/tr>\n<\/thead>\n<tbody>\n<tr class=\"row-2 even\">\n\t<td class=\"column-1\">9:00<\/td><td class=\"column-2\">Inca\/Madre Alberta - Los Realejos<\/td>\n<\/tr>\n<tr class=\"row-3 odd\">\n\t<td class=\"column-1\">9:55<\/td><td class=\"column-2\">Granada - Madrid 1\/Bilbao\/La Cuesta<\/td>\n<\/tr>\n<tr class=\"row-4 even\">\n\t<td class=\"column-1\">11:00<\/td><td class=\"column-2\">3\u00ba del grupo 1 - 3\u00ba del grupo 2<\/td>\n<\/tr>\n<tr class=\"row-5 odd\">\n\t<td class=\"column-1\">11:45<\/td><td class=\"column-2\">1\u00ba del grupo 1 - 2\u00ba del grupo 2<\/td>\n<\/tr>\n<tr class=\"row-6 even\">\n\t<td class=\"column-1\">12:30<\/td><td class=\"column-2\">2\u00ba del grupo 1 - 1\u00ba del grupo 2<\/td>\n<\/tr>\n<tr class=\"row-7 odd\">\n\t<td class=\"column-1\">13:30<\/td><td class=\"column-2\">3\u00ba puesto - 4\u00ba puesto<\/td>\n<\/tr>\n<\/tbody>\n<\/table>\n[\/et_pb_code][et_pb_text _builder_version=\u00bb4.20.0&#8243; _module_preset=\u00bbdefault\u00bb global_colors_info=\u00bb{}\u00bb]<\/p>\n<p><strong>S\u00c1BADO, 4 MARZO<\/strong><br \/><strong>D\u00f3nde:<\/strong> <a href=\"https:\/\/goo.gl\/maps\/sahd8gA5Aoz7GBat9\"><span>Agora Sant Cugat International School (Campo 4)<\/span><\/a><\/p>\n<p>[\/et_pb_text][et_pb_code _builder_version=\u00bb4.20.0&#8243; _module_preset=\u00bbdefault\u00bb global_colors_info=\u00bb{}\u00bb]\n<table id=\"tablepress-39\" class=\"tablepress tablepress-id-39\">\n<thead>\n<tr class=\"row-1 odd\">\n\t<th class=\"column-1\">HORA<\/th><th class=\"column-2\">PARTIDO<\/th>\n<\/tr>\n<\/thead>\n<tbody>\n<tr class=\"row-2 even\">\n\t<td class=\"column-1\">18:15<\/td><td class=\"column-2\">FINAL<\/td>\n<\/tr>\n<\/tbody>\n<\/table>\n[\/et_pb_code][\/et_pb_column][\/et_pb_row][et_pb_row column_structure=\u00bb1_3,2_3&#8243; admin_label=\u00bbcolegios participantes\u00bb module_id=\u00bbcolegios-participantes\u00bb _builder_version=\u00bb4.19.5&#8243; custom_padding=\u00bb40px|0px|40px|0px\u00bb global_colors_info=\u00bb{}\u00bb][et_pb_column type=\u00bb1_3&#8243; _builder_version=\u00bb4.16&#8243; custom_padding=\u00bb|||\u00bb global_colors_info=\u00bb{}\u00bb custom_padding__hover=\u00bb|||\u00bb][et_pb_text content_tablet=\u00bb<\/p>\n<h3>Calendario de partidos baloncesto cadete femenino<\/h3>\n<p>\u00bb content_phone=\u00bb<\/p>\n<h3>Calendario de partidos baloncesto cadete femenino<\/h3>\n<p>\u00bb content_last_edited=\u00bbon|phone\u00bb admin_label=\u00bbTitle\u00bb module_id=\u00bbfemenino\u00bb _builder_version=\u00bb4.20.0&#8243; animation_direction=\u00bbleft\u00bb hover_enabled=\u00bb0&#8243; global_colors_info=\u00bb{}\u00bb sticky_enabled=\u00bb0&#8243;]<\/p>\n<h3>Calendario de partidos baloncesto cadete femenino<\/h3>\n<p>[\/et_pb_text][\/et_pb_column][et_pb_column type=\u00bb2_3&#8243; _builder_version=\u00bb4.16&#8243; custom_padding=\u00bb|||\u00bb global_colors_info=\u00bb{}\u00bb custom_padding__hover=\u00bb|||\u00bb][et_pb_text _builder_version=\u00bb4.20.0&#8243; _module_preset=\u00bbdefault\u00bb global_colors_info=\u00bb{}\u00bb]<\/p>\n<p><strong>VIERNES, 3 MARZO<\/strong><br \/><strong>D\u00f3nde:<\/strong> <a href=\"https:\/\/goo.gl\/maps\/sahd8gA5Aoz7GBat9\"><span>Agora Sant Cugat International School (Campo 4)<\/span><\/a><br \/><strong>Aviso:<\/strong><span>\u00a0l<\/span><span>os horarios son aproximados. Los partidos comenzar\u00e1n en cuanto termine el anterior<\/span><\/p>\n<p>[\/et_pb_text][et_pb_code _builder_version=\u00bb4.20.0&#8243; _module_preset=\u00bbdefault\u00bb global_colors_info=\u00bb{}\u00bb]\n<table id=\"tablepress-40\" class=\"tablepress tablepress-id-40\">\n<thead>\n<tr class=\"row-1 odd\">\n\t<th class=\"column-1\">HORA<\/th><th class=\"column-2\">PARTIDO<\/th>\n<\/tr>\n<\/thead>\n<tbody>\n<tr class=\"row-2 even\">\n\t<td class=\"column-1\">14:30<\/td><td class=\"column-2\">Madrid 1 - Santa Cruz\/Los Realejos<\/td>\n<\/tr>\n<tr class=\"row-3 odd\">\n\t<td class=\"column-1\">15:15<\/td><td class=\"column-2\">Madrid 2 - Madre Alberta\/Bilbao<\/td>\n<\/tr>\n<tr class=\"row-4 even\">\n\t<td class=\"column-1\">16:00<\/td><td class=\"column-2\">Santa Cruz\/Los Realejos - Madrid 2<\/td>\n<\/tr>\n<tr class=\"row-5 odd\">\n\t<td class=\"column-1\">16:45<\/td><td class=\"column-2\">Madre Alberta\/Bilbao - Madrid 1<\/td>\n<\/tr>\n<tr class=\"row-6 even\">\n\t<td class=\"column-1\">17:30<\/td><td class=\"column-2\">Santa Cruz\/Los Realejos - Madre Alberta\/Bilbao<\/td>\n<\/tr>\n<tr class=\"row-7 odd\">\n\t<td class=\"column-1\">18:15<\/td><td class=\"column-2\">Madrid 1 - Madrid 2<\/td>\n<\/tr>\n<\/tbody>\n<\/table>\n[\/et_pb_code][et_pb_text _builder_version=\u00bb4.20.0&#8243; _module_preset=\u00bbdefault\u00bb global_colors_info=\u00bb{}\u00bb]<\/p>\n<p><strong>S\u00c1BADO, 4 MARZO<\/strong><br \/><strong>D\u00f3nde:<\/strong> <a href=\"https:\/\/goo.gl\/maps\/sahd8gA5Aoz7GBat9\"><span>Agora Sant Cugat International School (Campo 4)<\/span><\/a><br \/><strong>Aviso:<\/strong><span>\u00a0l<\/span><span>os horarios son aproximados. Los partidos comenzar\u00e1n en cuanto termine el anterior<\/span><\/p>\n<p>[\/et_pb_text][et_pb_code _builder_version=\u00bb4.20.0&#8243; _module_preset=\u00bbdefault\u00bb global_colors_info=\u00bb{}\u00bb]\n<table id=\"tablepress-41\" class=\"tablepress tablepress-id-41\">\n<thead>\n<tr class=\"row-1 odd\">\n\t<th class=\"column-1\">HORA<\/th><th class=\"column-2\">PARTIDO<\/th>\n<\/tr>\n<\/thead>\n<tbody>\n<tr class=\"row-2 even\">\n\t<td class=\"column-1\">15:00<\/td><td class=\"column-2\">Semifinal 1<\/td>\n<\/tr>\n<tr class=\"row-3 odd\">\n\t<td class=\"column-1\">15:45<\/td><td class=\"column-2\">Semifinal 2<\/td>\n<\/tr>\n<tr class=\"row-4 even\">\n\t<td class=\"column-1\">16:40<\/td><td class=\"column-2\">3\u00ba Puesto - 4\u00ba Puesto<\/td>\n<\/tr>\n<\/tbody>\n<\/table>\n[\/et_pb_code][et_pb_text _builder_version=\u00bb4.20.0&#8243; _module_preset=\u00bbdefault\u00bb global_colors_info=\u00bb{}\u00bb]<\/p>\n<p><strong>S\u00c1BADO, 4 MARZO<\/strong><br \/><strong>D\u00f3nde:<\/strong> <a href=\"https:\/\/goo.gl\/maps\/sahd8gA5Aoz7GBat9\"><span>Agora Sant Cugat International School (Campo 4)<\/span><\/a><\/p>\n<p>[\/et_pb_text][et_pb_code _builder_version=\u00bb4.20.0&#8243; _module_preset=\u00bbdefault\u00bb global_colors_info=\u00bb{}\u00bb]\n<table id=\"tablepress-42\" class=\"tablepress tablepress-id-42\">\n<thead>\n<tr class=\"row-1 odd\">\n\t<th class=\"column-1\">HORA<\/th><th class=\"column-2\">PARTIDO<\/th>\n<\/tr>\n<\/thead>\n<tbody>\n<tr class=\"row-2 even\">\n\t<td class=\"column-1\">17:25<\/td><td class=\"column-2\">FINAL<\/td>\n<\/tr>\n<\/tbody>\n<\/table>\n[\/et_pb_code][\/et_pb_column][\/et_pb_row][\/et_pb_section]<\/p>\n","protected":false},"excerpt":{"rendered":"<p>Horarios de los partidos de baloncesto cadete, en categor\u00eda masculina y femenina, de los IV Juegos Ol\u00edmpicos de Pureza de Mar\u00eda<\/p>\n","protected":false},"author":1,"featured_media":0,"parent":0,"menu_order":0,"comment_status":"closed","ping_status":"closed","template":"","meta":{"_et_pb_use_builder":"on","_et_pb_old_content":"","_et_gb_content_width":"","inline_featured_image":false,"footnotes":""},"class_list":["post-558","page","type-page","status-publish","hentry"],"yoast_head":"<!-- This site is optimized with the Yoast SEO plugin v20.1 - https:\/\/yoast.com\/wordpress\/plugins\/seo\/ -->\n<title>Horarios Baloncesto Cadete JJOO Pureza de Mar\u00eda 2023 - Olimpiadas Pureza de Mar\u00eda<\/title>\n<meta name=\"description\" content=\"Horarios de los partidos de baloncesto cadete, en categor\u00eda masculina y femenina, de los IV Juegos Ol\u00edmpicos de Pureza de Mar\u00eda\" \/>\n<meta name=\"robots\" content=\"index, follow, max-snippet:-1, max-image-preview:large, max-video-preview:-1\" \/>\n<link rel=\"canonical\" href=\"https:\/\/pmaria.es\/juegos-olimpicos\/horarios-baloncesto-cadete\/\" \/>\n<meta property=\"og:locale\" content=\"es_ES\" \/>\n<meta property=\"og:type\" content=\"article\" \/>\n<meta property=\"og:title\" content=\"Horarios Baloncesto Cadete JJOO Pureza de Mar\u00eda 2023 - Olimpiadas Pureza de Mar\u00eda\" \/>\n<meta property=\"og:description\" content=\"Horarios de los partidos de baloncesto cadete, en categor\u00eda masculina y femenina, de los IV Juegos Ol\u00edmpicos de Pureza de Mar\u00eda\" \/>\n<meta property=\"og:url\" content=\"https:\/\/pmaria.es\/juegos-olimpicos\/horarios-baloncesto-cadete\/\" \/>\n<meta property=\"og:site_name\" content=\"Olimpiadas Pureza de Mar\u00eda\" \/>\n<meta property=\"article:modified_time\" content=\"2023-02-24T15:22:49+00:00\" \/>\n<meta name=\"twitter:card\" content=\"summary_large_image\" \/>\n<meta name=\"twitter:label1\" content=\"Tiempo de lectura\" \/>\n\t<meta name=\"twitter:data1\" content=\"2 minutos\" \/>\n<script type=\"application\/ld+json\" class=\"yoast-schema-graph\">{\"@context\":\"https:\/\/schema.org\",\"@graph\":[{\"@type\":\"WebPage\",\"@id\":\"https:\/\/pmaria.es\/juegos-olimpicos\/horarios-baloncesto-cadete\/\",\"url\":\"https:\/\/pmaria.es\/juegos-olimpicos\/horarios-baloncesto-cadete\/\",\"name\":\"Horarios Baloncesto Cadete JJOO Pureza de Mar\u00eda 2023 - Olimpiadas Pureza de Mar\u00eda\",\"isPartOf\":{\"@id\":\"https:\/\/pmaria.es\/juegos-olimpicos\/#website\"},\"datePublished\":\"2023-02-21T09:22:04+00:00\",\"dateModified\":\"2023-02-24T15:22:49+00:00\",\"description\":\"Horarios de los partidos de baloncesto cadete, en categor\u00eda masculina y femenina, de los IV Juegos Ol\u00edmpicos de Pureza de Mar\u00eda\",\"breadcrumb\":{\"@id\":\"https:\/\/pmaria.es\/juegos-olimpicos\/horarios-baloncesto-cadete\/#breadcrumb\"},\"inLanguage\":\"es\",\"potentialAction\":[{\"@type\":\"ReadAction\",\"target\":[\"https:\/\/pmaria.es\/juegos-olimpicos\/horarios-baloncesto-cadete\/\"]}]},{\"@type\":\"BreadcrumbList\",\"@id\":\"https:\/\/pmaria.es\/juegos-olimpicos\/horarios-baloncesto-cadete\/#breadcrumb\",\"itemListElement\":[{\"@type\":\"ListItem\",\"position\":1,\"name\":\"Portada\",\"item\":\"https:\/\/pmaria.es\/juegos-olimpicos\/\"},{\"@type\":\"ListItem\",\"position\":2,\"name\":\"Horarios Baloncesto Cadete JJOO Pureza de Mar\u00eda 2023\"}]},{\"@type\":\"WebSite\",\"@id\":\"https:\/\/pmaria.es\/juegos-olimpicos\/#website\",\"url\":\"https:\/\/pmaria.es\/juegos-olimpicos\/\",\"name\":\"Juegos Ol\u00edmpicos Pureza de Mar\u00eda\",\"description\":\"\",\"publisher\":{\"@id\":\"https:\/\/pmaria.es\/juegos-olimpicos\/#organization\"},\"potentialAction\":[{\"@type\":\"SearchAction\",\"target\":{\"@type\":\"EntryPoint\",\"urlTemplate\":\"https:\/\/pmaria.es\/juegos-olimpicos\/?s={search_term_string}\"},\"query-input\":\"required name=search_term_string\"}],\"inLanguage\":\"es\"},{\"@type\":\"Organization\",\"@id\":\"https:\/\/pmaria.es\/juegos-olimpicos\/#organization\",\"name\":\"Juegos Ol\u00edmpicos Pureza de Mar\u00eda\",\"url\":\"https:\/\/pmaria.es\/juegos-olimpicos\/\",\"logo\":{\"@type\":\"ImageObject\",\"inLanguage\":\"es\",\"@id\":\"https:\/\/pmaria.es\/juegos-olimpicos\/#\/schema\/logo\/image\/\",\"url\":\"https:\/\/pmaria.es\/juegos-olimpicos\/wp-content\/uploads\/2023\/02\/LOGO-JJOO-2023.svg\",\"contentUrl\":\"https:\/\/pmaria.es\/juegos-olimpicos\/wp-content\/uploads\/2023\/02\/LOGO-JJOO-2023.svg\",\"width\":328,\"height\":464,\"caption\":\"Juegos Ol\u00edmpicos Pureza de Mar\u00eda\"},\"image\":{\"@id\":\"https:\/\/pmaria.es\/juegos-olimpicos\/#\/schema\/logo\/image\/\"}}]}<\/script>\n<!-- \/ Yoast SEO plugin. -->","yoast_head_json":{"title":"Horarios Baloncesto Cadete JJOO Pureza de Mar\u00eda 2023 - Olimpiadas Pureza de Mar\u00eda","description":"Horarios de los partidos de baloncesto cadete, en categor\u00eda masculina y femenina, de los IV Juegos Ol\u00edmpicos de Pureza de Mar\u00eda","robots":{"index":"index","follow":"follow","max-snippet":"max-snippet:-1","max-image-preview":"max-image-preview:large","max-video-preview":"max-video-preview:-1"},"canonical":"https:\/\/pmaria.es\/juegos-olimpicos\/horarios-baloncesto-cadete\/","og_locale":"es_ES","og_type":"article","og_title":"Horarios Baloncesto Cadete JJOO Pureza de Mar\u00eda 2023 - Olimpiadas Pureza de Mar\u00eda","og_description":"Horarios de los partidos de baloncesto cadete, en categor\u00eda masculina y femenina, de los IV Juegos Ol\u00edmpicos de Pureza de Mar\u00eda","og_url":"https:\/\/pmaria.es\/juegos-olimpicos\/horarios-baloncesto-cadete\/","og_site_name":"Olimpiadas Pureza de Mar\u00eda","article_modified_time":"2023-02-24T15:22:49+00:00","twitter_card":"summary_large_image","twitter_misc":{"Tiempo de lectura":"2 minutos"},"schema":{"@context":"https:\/\/schema.org","@graph":[{"@type":"WebPage","@id":"https:\/\/pmaria.es\/juegos-olimpicos\/horarios-baloncesto-cadete\/","url":"https:\/\/pmaria.es\/juegos-olimpicos\/horarios-baloncesto-cadete\/","name":"Horarios Baloncesto Cadete JJOO Pureza de Mar\u00eda 2023 - Olimpiadas Pureza de Mar\u00eda","isPartOf":{"@id":"https:\/\/pmaria.es\/juegos-olimpicos\/#website"},"datePublished":"2023-02-21T09:22:04+00:00","dateModified":"2023-02-24T15:22:49+00:00","description":"Horarios de los partidos de baloncesto cadete, en categor\u00eda masculina y femenina, de los IV Juegos Ol\u00edmpicos de Pureza de Mar\u00eda","breadcrumb":{"@id":"https:\/\/pmaria.es\/juegos-olimpicos\/horarios-baloncesto-cadete\/#breadcrumb"},"inLanguage":"es","potentialAction":[{"@type":"ReadAction","target":["https:\/\/pmaria.es\/juegos-olimpicos\/horarios-baloncesto-cadete\/"]}]},{"@type":"BreadcrumbList","@id":"https:\/\/pmaria.es\/juegos-olimpicos\/horarios-baloncesto-cadete\/#breadcrumb","itemListElement":[{"@type":"ListItem","position":1,"name":"Portada","item":"https:\/\/pmaria.es\/juegos-olimpicos\/"},{"@type":"ListItem","position":2,"name":"Horarios Baloncesto Cadete JJOO Pureza de Mar\u00eda 2023"}]},{"@type":"WebSite","@id":"https:\/\/pmaria.es\/juegos-olimpicos\/#website","url":"https:\/\/pmaria.es\/juegos-olimpicos\/","name":"Juegos Ol\u00edmpicos Pureza de Mar\u00eda","description":"","publisher":{"@id":"https:\/\/pmaria.es\/juegos-olimpicos\/#organization"},"potentialAction":[{"@type":"SearchAction","target":{"@type":"EntryPoint","urlTemplate":"https:\/\/pmaria.es\/juegos-olimpicos\/?s={search_term_string}"},"query-input":"required name=search_term_string"}],"inLanguage":"es"},{"@type":"Organization","@id":"https:\/\/pmaria.es\/juegos-olimpicos\/#organization","name":"Juegos Ol\u00edmpicos Pureza de Mar\u00eda","url":"https:\/\/pmaria.es\/juegos-olimpicos\/","logo":{"@type":"ImageObject","inLanguage":"es","@id":"https:\/\/pmaria.es\/juegos-olimpicos\/#\/schema\/logo\/image\/","url":"https:\/\/pmaria.es\/juegos-olimpicos\/wp-content\/uploads\/2023\/02\/LOGO-JJOO-2023.svg","contentUrl":"https:\/\/pmaria.es\/juegos-olimpicos\/wp-content\/uploads\/2023\/02\/LOGO-JJOO-2023.svg","width":328,"height":464,"caption":"Juegos Ol\u00edmpicos Pureza de Mar\u00eda"},"image":{"@id":"https:\/\/pmaria.es\/juegos-olimpicos\/#\/schema\/logo\/image\/"}}]}},"_links":{"self":[{"href":"https:\/\/pmaria.es\/juegos-olimpicos\/wp-json\/wp\/v2\/pages\/558","targetHints":{"allow":["GET"]}}],"collection":[{"href":"https:\/\/pmaria.es\/juegos-olimpicos\/wp-json\/wp\/v2\/pages"}],"about":[{"href":"https:\/\/pmaria.es\/juegos-olimpicos\/wp-json\/wp\/v2\/types\/page"}],"author":[{"embeddable":true,"href":"https:\/\/pmaria.es\/juegos-olimpicos\/wp-json\/wp\/v2\/users\/1"}],"replies":[{"embeddable":true,"href":"https:\/\/pmaria.es\/juegos-olimpicos\/wp-json\/wp\/v2\/comments?post=558"}],"version-history":[{"count":9,"href":"https:\/\/pmaria.es\/juegos-olimpicos\/wp-json\/wp\/v2\/pages\/558\/revisions"}],"predecessor-version":[{"id":912,"href":"https:\/\/pmaria.es\/juegos-olimpicos\/wp-json\/wp\/v2\/pages\/558\/revisions\/912"}],"wp:attachment":[{"href":"https:\/\/pmaria.es\/juegos-olimpicos\/wp-json\/wp\/v2\/media?parent=558"}],"curies":[{"name":"wp","href":"https:\/\/api.w.org\/{rel}","templated":true}]}}